{"id":5231,"date":"2024-08-30T08:26:10","date_gmt":"2024-08-30T06:26:10","guid":{"rendered":"https:\/\/www.infenso.eu\/adriaticwave\/service\/"},"modified":"2026-02-28T12:20:27","modified_gmt":"2026-02-28T10:20:27","slug":"service","status":"publish","type":"page","link":"https:\/\/www.adriaticwave.com\/de\/service\/","title":{"rendered":"SERVICE"},"content":{"rendered":"<p><div class=\"fusion-fullwidth fullwidth-box fusion-builder-row-1 fusion-flex-container has-pattern-background has-mask-background nonhundred-percent-fullwidth non-hundred-percent-height-scrolling\" style=\"--awb-border-radius-top-left:0px;--awb-border-radius-top-right:0px;--awb-border-radius-bottom-right:0px;--awb-border-radius-bottom-left:0px;--awb-flex-wrap:wrap;\" ><div class=\"fusion-builder-row fusion-row fusion-flex-align-items-flex-start fusion-flex-content-wrap\" style=\"max-width:1393.6px;margin-left: calc(-4% \/ 2 );margin-right: calc(-4% \/ 2 );\"><div class=\"fusion-layout-column fusion_builder_column fusion-builder-column-0 fusion_builder_column_1_1 1_1 fusion-flex-column\" style=\"--awb-bg-size:cover;--awb-width-large:100%;--awb-margin-top-large:0px;--awb-spacing-right-large:1.92%;--awb-margin-bottom-large:20px;--awb-spacing-left-large:1.92%;--awb-width-medium:100%;--awb-order-medium:0;--awb-spacing-right-medium:1.92%;--awb-spacing-left-medium:1.92%;--awb-width-small:100%;--awb-order-small:0;--awb-spacing-right-small:1.92%;--awb-spacing-left-small:1.92%;\"><div class=\"fusion-column-wrapper fusion-column-has-shadow fusion-flex-justify-content-flex-start fusion-content-layout-column\"><div class=\"fusion-title title fusion-title-1 fusion-sep-none fusion-title-text fusion-title-size-one\"><h1 class=\"fusion-title-heading title-heading-left fusion-responsive-typography-calculated\" style=\"margin:0;text-transform:capitalize;--fontSize:64;line-height:var(--awb-typography1-line-height);\"><h1 class=\"top_page_title\" style=\"text-align: center;\">Dienstleistungen<\/h1><\/h1><\/div><div class=\"fusion-text fusion-text-1\"><h2 style=\"text-align: justify; --fontSize: 48; line-height: 1.2;\" data-fontsize=\"48\" data-lineheight=\"57.6px\" class=\"fusion-responsive-typography-calculated\"><b> Yachten H\u00e4ndler und Makler<\/b><\/h2>\n<p style=\"text-align: justify;\">We are proud to present the complete lineup of Absolute Yachts boats With the extensive sales network established by Absolute, all models are readily accessible for viewing across Italy and Croatia. We invite you to visit the<b> ABSOLUTE<\/b> section of our website, where you can explore detailed technical specifications and features of our impressive fleet. <\/p>\n<p style=\"text-align: justify;\">Neben neuen Yachten bieten wir auch eine sorgf\u00e4ltig ausgew\u00e4hlte Kollektion an Gebrauchtbooten an. Jedes unserer Gebrauchtboote durchl\u00e4uft einen strengen Pr\u00fcfprozess, um sicherzustellen, dass es unseren hohen Qualit\u00e4ts- und Leistungsstandards entspricht. Unser Ziel ist es, dass neue Eigner ihre Boote genauso sch\u00e4tzen werden wie ihre Vorg\u00e4nger.  <\/p>\n<p style=\"text-align: justify;\">Als engagierter H\u00e4ndler legen wir gro\u00dfen Wert auf den Aufbau langfristiger Kundenbeziehungen. Wir bieten Ihnen kontinuierliche Unterst\u00fctzung und Betreuung und m\u00f6chten, dass Ihre Erfahrung mit uns nicht nur ein Kauf, sondern eine langfristige Partnerschaft ist. Ihre Zufriedenheit ist unser oberstes Ziel, und wir begleiten Sie engagiert auf Ihrem gesamten Weg zum eigenen Boot.  <\/p>\n<p style=\"text-align: justify;\">\n<h2 style=\"text-align: justify; --fontSize: 48; line-height: 1.2;\" data-fontsize=\"48\" data-lineheight=\"57.6px\" class=\"fusion-responsive-typography-calculated\">After-Sale Service<\/h2>\n<p style=\"text-align: justify;\">Service und Kundendienst sind f\u00fcr unser Gesch\u00e4ft unerl\u00e4sslich. Wir haben es uns zum Ziel gesetzt, eine zuverl\u00e4ssige und sichere Nutzung des Bootes w\u00e4hrend seines gesamten Lebenszyklus zu gew\u00e4hrleisten. <\/p>\n<p style=\"text-align: justify;\">Unser qualifiziertes Serviceteam bietet autorisierten Service, Wartung, Diagnose und Reparaturen. Der Support beginnt mit der Auslieferung und umfasst: <\/p>\n<p style=\"text-align: justify;\">\u2022 Boots\u00fcbergabe: Wir schulen unsere Kunden in der Bedienung der Systeme und der Sicherheitsausr\u00fcstung, um ihnen Sicherheit beim Man\u00f6vrieren zu geben und sie bei der Registrierung und Dokumentation zu unterst\u00fctzen.<\/p>\n<p style=\"text-align: justify;\">\u2022 Sicherheit und Zusatzausr\u00fcstung: Wir statten das Boot gem\u00e4\u00df den W\u00fcnschen des Kunden mit der notwendigen Sicherheitsausr\u00fcstung und zus\u00e4tzlichen Annehmlichkeiten aus, damit es f\u00fcr die Saison bereit ist.<\/p>\n<p style=\"text-align: justify;\">\u2022 Wartungspl\u00e4ne: Wir erstellen ma\u00dfgeschneiderte Servicepl\u00e4ne, f\u00fchren regelm\u00e4\u00dfige Kontrollen durch und planen Reinigungs- und Wartungsarbeiten, um sicherzustellen, dass sich das Boot immer in Top-Zustand befindet.<\/p>\n<p style=\"text-align: justify;\">Dank unserer gut organisierten Logistik und unseres Partnernetzwerks k\u00f6nnen wir schnell reagieren und Unterst\u00fctzung vor Ort, im Yachthafen oder im Servicecenter leisten. Kunden haben stets einen festen Ansprechpartner, was eine klare Kommunikation und schnelle L\u00f6sungen gew\u00e4hrleistet. Unser Kundendienst ist \u00fcber mehrere strategische Standorte organisiert, um Absolut-Eignern ganzj\u00e4hrig Verf\u00fcgbarkeit, Schnelligkeit und erstklassigen Service zu bieten.  <\/p>\n<p style=\"text-align: justify;\"><b>SERVICESTANDORTE<\/b><\/p>\n<p style=\"text-align: justify;\">KROATIEN<\/p>\n<p style=\"text-align: justify;\">-Rovinj<\/p>\n<p style=\"text-align: justify;\">-Umag<\/p>\n<p style=\"text-align: justify;\">-Murter<\/p>\n<p style=\"text-align: justify;\">-\u0160ibenik<\/p>\n<p style=\"text-align: justify;\">ITALIEN<\/p>\n<p style=\"text-align: justify;\">-Chioggia<\/p>\n<p style=\"text-align: justify;\">-San Giorgio di Nogaro<\/p>\n<\/div><\/div><\/div><\/div><\/div><div class=\"fusion-fullwidth fullwidth-box fusion-builder-row-2 fusion-flex-container has-pattern-background has-mask-background nonhundred-percent-fullwidth non-hundred-percent-height-scrolling\" style=\"--awb-border-radius-top-left:0px;--awb-border-radius-top-right:0px;--awb-border-radius-bottom-right:0px;--awb-border-radius-bottom-left:0px;--awb-flex-wrap:wrap;\" ><div class=\"fusion-builder-row fusion-row fusion-flex-align-items-flex-start fusion-flex-content-wrap\" style=\"max-width:1393.6px;margin-left: calc(-4% \/ 2 );margin-right: calc(-4% \/ 2 );\"><div class=\"fusion-layout-column fusion_builder_column fusion-builder-column-1 fusion_builder_column_1_1 1_1 fusion-flex-column\" style=\"--awb-bg-size:cover;--awb-width-large:100%;--awb-margin-top-large:0px;--awb-spacing-right-large:1.92%;--awb-margin-bottom-large:20px;--awb-spacing-left-large:1.92%;--awb-width-medium:100%;--awb-order-medium:0;--awb-spacing-right-medium:1.92%;--awb-spacing-left-medium:1.92%;--awb-width-small:100%;--awb-order-small:0;--awb-spacing-right-small:1.92%;--awb-spacing-left-small:1.92%;\"><div class=\"fusion-column-wrapper fusion-column-has-shadow fusion-flex-justify-content-flex-start fusion-content-layout-column\"><div style=\"--awb-height:600px;\" class=\"awb-openstreet-map awb-openstreet-map-1\" data-map-style=\"carto-db\" data-map-type=\"marker\" data-zoom=\"14\" data-zoomsnap=\"1\" data-zoomcontrol=\"1\" data-scrollwheelzoom=\"1\" data-dragging=\"1\" data-touchzoom=\"1\" data-dbclickzoom=\"1\" data-fitbounds=\"1\" data-shape-color=\"rgba(0,70,126,1)\" data-shape-weight=\"3\"><div class=\"awb-openstreet-map-marker awb-openstreet-map-marker-1\" data-latitude=\"45.0758694\" data-longitude=\"13.6347643\" data-icon=\"fa-map-marker-alt fas\" data-action=\"popup\"><div class=\"awb-openstreet-map-marker-icon-wrapper\" style=\"\"><i class=\"fa-map-marker-alt fas\"><\/i><\/div><div class=\"awb-openstreet-map-content-wrapper\"><h5 class=\"awb-openstreet-map-marker-title\">Rovinj<\/h5><\/div><\/div><div class=\"awb-openstreet-map-marker awb-openstreet-map-marker-2\" data-latitude=\"43.7202042\" data-longitude=\"15.8958358\" data-icon=\"fa-map-marker-alt fas\" data-action=\"popup\"><div class=\"awb-openstreet-map-marker-icon-wrapper\" style=\"\"><i class=\"fa-map-marker-alt fas\"><\/i><\/div><div class=\"awb-openstreet-map-content-wrapper\"><h5 class=\"awb-openstreet-map-marker-title\">\u0160ibenik<\/h5><\/div><\/div><div class=\"awb-openstreet-map-marker awb-openstreet-map-marker-3\" data-latitude=\"45.4394588\" data-longitude=\"13.5152070\" data-icon=\"fa-map-marker-alt fas\" data-action=\"popup\"><div class=\"awb-openstreet-map-marker-icon-wrapper\" style=\"\"><i class=\"fa-map-marker-alt fas\"><\/i><\/div><div class=\"awb-openstreet-map-content-wrapper\"><h5 class=\"awb-openstreet-map-marker-title\">UMAG<\/h5><\/div><\/div><div class=\"awb-openstreet-map-marker awb-openstreet-map-marker-4\" data-latitude=\"43.8268424\" data-longitude=\"15.5917517\" data-icon=\"fa-map-marker-alt fas\" data-action=\"popup\"><div class=\"awb-openstreet-map-marker-icon-wrapper\" style=\"\"><i class=\"fa-map-marker-alt fas\"><\/i><\/div><div class=\"awb-openstreet-map-content-wrapper\"><h5 class=\"awb-openstreet-map-marker-title\">MARINA HRAMINA<\/h5><\/div><\/div><div class=\"awb-openstreet-map-marker awb-openstreet-map-marker-5\" data-latitude=\"45.2249005\" data-longitude=\"12.2787985\" data-icon=\"fa-map-marker-alt fas\" data-action=\"popup\"><div class=\"awb-openstreet-map-marker-icon-wrapper\" style=\"\"><i class=\"fa-map-marker-alt fas\"><\/i><\/div><div class=\"awb-openstreet-map-content-wrapper\"><\/div><\/div><div class=\"awb-openstreet-map-marker awb-openstreet-map-marker-6\" data-latitude=\"45.8320236\" data-longitude=\"13.2111453\" data-icon=\"fa-map-marker-alt fas\" data-action=\"popup\"><div class=\"awb-openstreet-map-marker-icon-wrapper\" style=\"\"><i class=\"fa-map-marker-alt fas\"><\/i><\/div><div class=\"awb-openstreet-map-content-wrapper\"><\/div><\/div><\/div><\/div><\/div><\/div><\/div><div class=\"fusion-fullwidth fullwidth-box fusion-builder-row-3 fusion-flex-container has-pattern-background has-mask-background nonhundred-percent-fullwidth non-hundred-percent-height-scrolling\" style=\"--awb-border-radius-top-left:0px;--awb-border-radius-top-right:0px;--awb-border-radius-bottom-right:0px;--awb-border-radius-bottom-left:0px;--awb-flex-wrap:wrap;\" ><div class=\"fusion-builder-row fusion-row fusion-flex-align-items-flex-start fusion-flex-content-wrap\" style=\"max-width:1393.6px;margin-left: calc(-4% \/ 2 );margin-right: calc(-4% \/ 2 );\"><div class=\"fusion-layout-column fusion_builder_column fusion-builder-column-2 fusion_builder_column_1_1 1_1 fusion-flex-column\" style=\"--awb-bg-size:cover;--awb-width-large:100%;--awb-margin-top-large:0px;--awb-spacing-right-large:1.92%;--awb-margin-bottom-large:20px;--awb-spacing-left-large:1.92%;--awb-width-medium:100%;--awb-order-medium:0;--awb-spacing-right-medium:1.92%;--awb-spacing-left-medium:1.92%;--awb-width-small:100%;--awb-order-small:0;--awb-spacing-right-small:1.92%;--awb-spacing-left-small:1.92%;\"><div class=\"fusion-column-wrapper fusion-column-has-shadow fusion-flex-justify-content-flex-start fusion-content-layout-column\"><div class=\"fusion-text fusion-text-2\"><h2>Yacht Management<\/h2>\n<p>Adriatic Wave bietet Ihnen dank seines Servicenetzwerks die Kompetenz und Professionalit\u00e4t, sich rund um Ihre Yacht umzusehen. Ob Sie wenig Zeit haben, weit entfernt wohnen oder sich Sorgen machen, Ihr Boot l\u00e4ngere Zeit unbeaufsichtigt zu lassen \u2013 wir k\u00fcmmern uns um Ihre Yacht: regelm\u00e4\u00dfige Inspektionen, Reinigung, Innenreinigung und Einlagerung. Kontaktieren Sie uns!  <\/p>\n<h2>Yachts transfer<\/h2>\n<p>Mit hochqualifiziertem Personal sind wir in der Lage, Ihr Boot auf dem Seeweg an jeden gew\u00fcnschten Ort zu transportieren. Dank eines Netzwerks von Expertenpartnern k\u00f6nnen wir au\u00dfergew\u00f6hnliche Transporte auf dem Land- und Seeweg \u00fcberall auf der Welt organisieren.<\/p>\n<\/div><\/div><\/div><\/div><\/div><div class=\"fusion-fullwidth fullwidth-box fusion-builder-row-4 fusion-flex-container has-pattern-background has-mask-background nonhundred-percent-fullwidth non-hundred-percent-height-scrolling\" style=\"--awb-border-radius-top-left:0px;--awb-border-radius-top-right:0px;--awb-border-radius-bottom-right:0px;--awb-border-radius-bottom-left:0px;--awb-flex-wrap:wrap;\" ><div class=\"fusion-builder-row fusion-row fusion-flex-align-items-flex-start fusion-flex-content-wrap\" style=\"max-width:1393.6px;margin-left: calc(-4% \/ 2 );margin-right: calc(-4% \/ 2 );\"><div class=\"fusion-layout-column fusion_builder_column fusion-builder-column-3 fusion_builder_column_1_1 1_1 fusion-flex-column\" style=\"--awb-bg-size:cover;--awb-width-large:100%;--awb-margin-top-large:0px;--awb-spacing-right-large:1.92%;--awb-margin-bottom-large:20px;--awb-spacing-left-large:1.92%;--awb-width-medium:100%;--awb-order-medium:0;--awb-spacing-right-medium:1.92%;--awb-spacing-left-medium:1.92%;--awb-width-small:100%;--awb-order-small:0;--awb-spacing-right-small:1.92%;--awb-spacing-left-small:1.92%;\"><div class=\"fusion-column-wrapper fusion-column-has-shadow fusion-flex-justify-content-flex-start fusion-content-layout-column\"><div class=\"awb-gallery-wrapper awb-gallery-wrapper-1 button-span-no\" style=\"--more-btn-alignment:center;\"><div style=\"margin:-5px;--awb-aspect-ratio:1 \/ 1;--awb-bordersize:0px;\" class=\"fusion-gallery fusion-gallery-container fusion-grid-3 fusion-columns-total-9 fusion-gallery-layout-grid fusion-gallery-1 has-aspect-ratio\"><div style=\"padding:5px;\" class=\"fusion-grid-column fusion-gallery-column fusion-gallery-column-3 hover-type-none\"><div class=\"fusion-gallery-image\"><a href=\"https:\/\/www.adriaticwave.com\/wp-content\/uploads\/2026\/02\/20022026-Adriatic-Wave-FR-5-scaled.jpg\" rel=\"noreferrer\" data-rel=\"iLightbox[gallery_image_1]\" class=\"fusion-lightbox\" target=\"_self\"><img decoding=\"async\" src=\"https:\/\/www.adriaticwave.com\/wp-content\/uploads\/2026\/02\/20022026-Adriatic-Wave-FR-5-scaled.jpg\" width=\"2560\" height=\"1707\" alt=\"\" title=\"Adriatic Wave\" aria-label=\"Adriatic Wave\" class=\"img-responsive wp-image-11627 fusion-gallery-image-size-fixed\" srcset=\"https:\/\/www.adriaticwave.com\/wp-content\/uploads\/2026\/02\/20022026-Adriatic-Wave-FR-5-200x133.jpg 200w, https:\/\/www.adriaticwave.com\/wp-content\/uploads\/2026\/02\/20022026-Adriatic-Wave-FR-5-400x267.jpg 400w, https:\/\/www.adriaticwave.com\/wp-content\/uploads\/2026\/02\/20022026-Adriatic-Wave-FR-5-600x400.jpg 600w, https:\/\/www.adriaticwave.com\/wp-content\/uploads\/2026\/02\/20022026-Adriatic-Wave-FR-5-800x533.jpg 800w, https:\/\/www.adriaticwave.com\/wp-content\/uploads\/2026\/02\/20022026-Adriatic-Wave-FR-5-1200x800.jpg 1200w, https:\/\/www.adriaticwave.com\/wp-content\/uploads\/2026\/02\/20022026-Adriatic-Wave-FR-5-scaled.jpg 2560w\" sizes=\"(min-width: 2200px) 100vw, (min-width: 784px) 443px, (min-width: 712px) 665px, (min-width: 640px) 712px, \" \/><\/a><\/div><\/div><div style=\"padding:5px;\" class=\"fusion-grid-column fusion-gallery-column fusion-gallery-column-3 hover-type-none\"><div class=\"fusion-gallery-image\"><a href=\"https:\/\/www.adriaticwave.com\/wp-content\/uploads\/2026\/02\/20022026-Adriatic-Wave-FR-8-scaled.jpg\" rel=\"noreferrer\" data-rel=\"iLightbox[gallery_image_1]\" class=\"fusion-lightbox\" target=\"_self\"><img decoding=\"async\" src=\"https:\/\/www.adriaticwave.com\/wp-content\/uploads\/2026\/02\/20022026-Adriatic-Wave-FR-8-scaled.jpg\" width=\"1707\" height=\"2560\" alt=\"\" title=\"Adriatic Wave\" aria-label=\"Adriatic Wave\" class=\"img-responsive wp-image-11628 fusion-gallery-image-size-fixed\" srcset=\"https:\/\/www.adriaticwave.com\/wp-content\/uploads\/2026\/02\/20022026-Adriatic-Wave-FR-8-200x300.jpg 200w, https:\/\/www.adriaticwave.com\/wp-content\/uploads\/2026\/02\/20022026-Adriatic-Wave-FR-8-400x600.jpg 400w, https:\/\/www.adriaticwave.com\/wp-content\/uploads\/2026\/02\/20022026-Adriatic-Wave-FR-8-600x900.jpg 600w, https:\/\/www.adriaticwave.com\/wp-content\/uploads\/2026\/02\/20022026-Adriatic-Wave-FR-8-800x1200.jpg 800w, https:\/\/www.adriaticwave.com\/wp-content\/uploads\/2026\/02\/20022026-Adriatic-Wave-FR-8-1200x1800.jpg 1200w, https:\/\/www.adriaticwave.com\/wp-content\/uploads\/2026\/02\/20022026-Adriatic-Wave-FR-8-scaled.jpg 1707w\" sizes=\"(min-width: 2200px) 100vw, (min-width: 784px) 443px, (min-width: 712px) 665px, (min-width: 640px) 712px, \" \/><\/a><\/div><\/div><div style=\"padding:5px;\" class=\"fusion-grid-column fusion-gallery-column fusion-gallery-column-3 hover-type-none\"><div class=\"fusion-gallery-image\"><a href=\"https:\/\/www.adriaticwave.com\/wp-content\/uploads\/2026\/02\/20022026-Adriatic-Wave-FR-3-scaled.jpg\" rel=\"noreferrer\" data-rel=\"iLightbox[gallery_image_1]\" class=\"fusion-lightbox\" target=\"_self\"><img decoding=\"async\" src=\"https:\/\/www.adriaticwave.com\/wp-content\/uploads\/2026\/02\/20022026-Adriatic-Wave-FR-3-scaled.jpg\" width=\"1707\" height=\"2560\" alt=\"\" title=\"Adriatic Wave\" aria-label=\"Adriatic Wave\" class=\"img-responsive wp-image-11629 fusion-gallery-image-size-fixed\" srcset=\"https:\/\/www.adriaticwave.com\/wp-content\/uploads\/2026\/02\/20022026-Adriatic-Wave-FR-3-200x300.jpg 200w, https:\/\/www.adriaticwave.com\/wp-content\/uploads\/2026\/02\/20022026-Adriatic-Wave-FR-3-400x600.jpg 400w, https:\/\/www.adriaticwave.com\/wp-content\/uploads\/2026\/02\/20022026-Adriatic-Wave-FR-3-600x900.jpg 600w, https:\/\/www.adriaticwave.com\/wp-content\/uploads\/2026\/02\/20022026-Adriatic-Wave-FR-3-800x1200.jpg 800w, https:\/\/www.adriaticwave.com\/wp-content\/uploads\/2026\/02\/20022026-Adriatic-Wave-FR-3-1200x1800.jpg 1200w, https:\/\/www.adriaticwave.com\/wp-content\/uploads\/2026\/02\/20022026-Adriatic-Wave-FR-3-scaled.jpg 1707w\" sizes=\"(min-width: 2200px) 100vw, (min-width: 784px) 443px, (min-width: 712px) 665px, (min-width: 640px) 712px, \" \/><\/a><\/div><\/div><div class=\"clearfix\"><\/div><div style=\"padding:5px;\" class=\"fusion-grid-column fusion-gallery-column fusion-gallery-column-3 hover-type-none\"><div class=\"fusion-gallery-image\"><a href=\"https:\/\/www.adriaticwave.com\/wp-content\/uploads\/2026\/02\/20022026-Adriatic-Wave-FR-1-scaled.jpg\" rel=\"noreferrer\" data-rel=\"iLightbox[gallery_image_1]\" class=\"fusion-lightbox\" target=\"_self\"><img decoding=\"async\" src=\"https:\/\/www.adriaticwave.com\/wp-content\/uploads\/2026\/02\/20022026-Adriatic-Wave-FR-1-scaled.jpg\" width=\"2560\" height=\"1706\" alt=\"\" title=\"Adriatic Wave\" aria-label=\"Adriatic Wave\" class=\"img-responsive wp-image-11630 fusion-gallery-image-size-fixed\" srcset=\"https:\/\/www.adriaticwave.com\/wp-content\/uploads\/2026\/02\/20022026-Adriatic-Wave-FR-1-200x133.jpg 200w, https:\/\/www.adriaticwave.com\/wp-content\/uploads\/2026\/02\/20022026-Adriatic-Wave-FR-1-400x267.jpg 400w, https:\/\/www.adriaticwave.com\/wp-content\/uploads\/2026\/02\/20022026-Adriatic-Wave-FR-1-600x400.jpg 600w, https:\/\/www.adriaticwave.com\/wp-content\/uploads\/2026\/02\/20022026-Adriatic-Wave-FR-1-800x533.jpg 800w, https:\/\/www.adriaticwave.com\/wp-content\/uploads\/2026\/02\/20022026-Adriatic-Wave-FR-1-1200x800.jpg 1200w, https:\/\/www.adriaticwave.com\/wp-content\/uploads\/2026\/02\/20022026-Adriatic-Wave-FR-1-scaled.jpg 2560w\" sizes=\"(min-width: 2200px) 100vw, (min-width: 784px) 443px, (min-width: 712px) 665px, (min-width: 640px) 712px, \" \/><\/a><\/div><\/div><div style=\"padding:5px;\" class=\"fusion-grid-column fusion-gallery-column fusion-gallery-column-3 hover-type-none\"><div class=\"fusion-gallery-image\"><a href=\"https:\/\/www.adriaticwave.com\/wp-content\/uploads\/2024\/09\/ABSOLUTE-24.jpg\" rel=\"noreferrer\" data-rel=\"iLightbox[gallery_image_1]\" class=\"fusion-lightbox\" target=\"_self\"><img decoding=\"async\" src=\"https:\/\/www.adriaticwave.com\/wp-content\/uploads\/2024\/09\/ABSOLUTE-24-460x295.jpg\" width=\"460\" height=\"295\" alt=\"\" title=\"ABSOLUTE 24\" aria-label=\"ABSOLUTE 24\" class=\"img-responsive wp-image-11631 fusion-gallery-image-size-fixed\"  \/><\/a><\/div><\/div><div style=\"padding:5px;\" class=\"fusion-grid-column fusion-gallery-column fusion-gallery-column-3 hover-type-none\"><div class=\"fusion-gallery-image\"><a href=\"https:\/\/www.adriaticwave.com\/wp-content\/uploads\/2024\/09\/ABSOLUTE-21.jpg\" rel=\"noreferrer\" data-rel=\"iLightbox[gallery_image_1]\" class=\"fusion-lightbox\" target=\"_self\"><img decoding=\"async\" src=\"https:\/\/www.adriaticwave.com\/wp-content\/uploads\/2024\/09\/ABSOLUTE-21-460x295.jpg\" width=\"460\" height=\"295\" alt=\"\" title=\"ABSOLUTE 21\" aria-label=\"ABSOLUTE 21\" class=\"img-responsive wp-image-11632 fusion-gallery-image-size-fixed\"  \/><\/a><\/div><\/div><div class=\"clearfix\"><\/div><div style=\"padding:5px;\" class=\"fusion-grid-column fusion-gallery-column fusion-gallery-column-3 hover-type-none\"><div class=\"fusion-gallery-image\"><a href=\"https:\/\/www.adriaticwave.com\/wp-content\/uploads\/2024\/08\/3-2.jpg\" rel=\"noreferrer\" data-rel=\"iLightbox[gallery_image_1]\" class=\"fusion-lightbox\" target=\"_self\"><img decoding=\"async\" src=\"https:\/\/www.adriaticwave.com\/wp-content\/uploads\/2024\/08\/3-2-460x295.jpg\" width=\"460\" height=\"295\" alt=\"\" title=\"3\" aria-label=\"3\" class=\"img-responsive wp-image-11633 fusion-gallery-image-size-fixed\"  \/><\/a><\/div><\/div><div style=\"padding:5px;\" class=\"fusion-grid-column fusion-gallery-column fusion-gallery-column-3 hover-type-none\"><div class=\"fusion-gallery-image\"><a href=\"https:\/\/www.adriaticwave.com\/wp-content\/uploads\/2024\/08\/1-2.jpg\" rel=\"noreferrer\" data-rel=\"iLightbox[gallery_image_1]\" class=\"fusion-lightbox\" target=\"_self\"><img decoding=\"async\" src=\"https:\/\/www.adriaticwave.com\/wp-content\/uploads\/2024\/08\/1-2-460x295.jpg\" width=\"460\" height=\"295\" alt=\"\" title=\"1\" aria-label=\"1\" class=\"img-responsive wp-image-11634 fusion-gallery-image-size-fixed\"  \/><\/a><\/div><\/div><div style=\"padding:5px;\" class=\"fusion-grid-column fusion-gallery-column fusion-gallery-column-3 hover-type-none\"><div class=\"fusion-gallery-image\"><a href=\"https:\/\/www.adriaticwave.com\/wp-content\/uploads\/2024\/08\/7-1.jpg\" rel=\"noreferrer\" data-rel=\"iLightbox[gallery_image_1]\" class=\"fusion-lightbox\" target=\"_self\"><img decoding=\"async\" src=\"https:\/\/www.adriaticwave.com\/wp-content\/uploads\/2024\/08\/7-1-460x295.jpg\" width=\"460\" height=\"295\" alt=\"\" title=\"7\" aria-label=\"7\" class=\"img-responsive wp-image-11635 fusion-gallery-image-size-fixed\"  \/><\/a><\/div><\/div><div class=\"clearfix\"><\/div><\/div><\/div><\/div><\/div><\/div><\/div><\/p>\n","protected":false},"excerpt":{"rendered":"","protected":false},"author":1,"featured_media":0,"parent":0,"menu_order":0,"comment_status":"closed","ping_status":"closed","template":"","meta":{"footnotes":""},"class_list":["post-5231","page","type-page","status-publish","hentry"],"_links":{"self":[{"href":"https:\/\/www.adriaticwave.com\/de\/wp-json\/wp\/v2\/pages\/5231","targetHints":{"allow":["GET"]}}],"collection":[{"href":"https:\/\/www.adriaticwave.com\/de\/wp-json\/wp\/v2\/pages"}],"about":[{"href":"https:\/\/www.adriaticwave.com\/de\/wp-json\/wp\/v2\/types\/page"}],"author":[{"embeddable":true,"href":"https:\/\/www.adriaticwave.com\/de\/wp-json\/wp\/v2\/users\/1"}],"replies":[{"embeddable":true,"href":"https:\/\/www.adriaticwave.com\/de\/wp-json\/wp\/v2\/comments?post=5231"}],"version-history":[{"count":6,"href":"https:\/\/www.adriaticwave.com\/de\/wp-json\/wp\/v2\/pages\/5231\/revisions"}],"predecessor-version":[{"id":11638,"href":"https:\/\/www.adriaticwave.com\/de\/wp-json\/wp\/v2\/pages\/5231\/revisions\/11638"}],"wp:attachment":[{"href":"https:\/\/www.adriaticwave.com\/de\/wp-json\/wp\/v2\/media?parent=5231"}],"curies":[{"name":"wp","href":"https:\/\/api.w.org\/{rel}","templated":true}]}}