{"id":5682,"date":"2024-10-16T14:38:24","date_gmt":"2024-10-16T12:38:24","guid":{"rendered":"https:\/\/www.infenso.eu\/adriaticwave\/datenschutzbestimmungen\/"},"modified":"2025-03-12T16:13:50","modified_gmt":"2025-03-12T14:13:50","slug":"datenschutzbestimmungen","status":"publish","type":"page","link":"https:\/\/www.adriaticwave.com\/de\/datenschutzbestimmungen\/","title":{"rendered":"Datenschutzbestimmungen"},"content":{"rendered":"<div class=\"fusion-fullwidth fullwidth-box fusion-builder-row-1 fusion-flex-container nonhundred-percent-fullwidth non-hundred-percent-height-scrolling\" style=\"--awb-border-radius-top-left:0px;--awb-border-radius-top-right:0px;--awb-border-radius-bottom-right:0px;--awb-border-radius-bottom-left:0px;--awb-flex-wrap:wrap;\" ><div class=\"fusion-builder-row fusion-row fusion-flex-align-items-flex-start fusion-flex-content-wrap\" style=\"max-width:1393.6px;margin-left: calc(-4% \/ 2 );margin-right: calc(-4% \/ 2 );\"><div class=\"fusion-layout-column fusion_builder_column fusion-builder-column-0 fusion_builder_column_1_1 1_1 fusion-flex-column\" style=\"--awb-bg-size:cover;--awb-width-large:100%;--awb-margin-top-large:0px;--awb-spacing-right-large:1.92%;--awb-margin-bottom-large:0px;--awb-spacing-left-large:1.92%;--awb-width-medium:100%;--awb-spacing-right-medium:1.92%;--awb-spacing-left-medium:1.92%;--awb-width-small:100%;--awb-spacing-right-small:1.92%;--awb-spacing-left-small:1.92%;\"><div class=\"fusion-column-wrapper fusion-flex-justify-content-flex-start fusion-content-layout-column\"><div class=\"fusion-text fusion-text-1\" style=\"--awb-user-select:auto;\"><div class=\"flex-shrink-0 flex flex-col relative items-end\">\n<div>\n<div class=\"pt-0\">\n<div class=\"gizmo-bot-avatar flex h-8 w-8 items-center justify-center overflow-hidden rounded-full\">\n<h2 class=\"relative p-1 rounded-sm flex items-center justify-center bg-token-main-surface-primary text-token-text-primary h-8 w-8 wp-block-heading\" data-fontsize=\"48\" data-lineheight=\"57.6px\">Datenschutzbestimmungen<\/h2>\n<\/div>\n<\/div>\n<\/div>\n<\/div>\n<div class=\"group\/conversation-turn relative flex w-full min-w-0 flex-col agent-turn\">\n<div class=\"flex-col gap-1 md:gap-3\">\n<div class=\"flex max-w-full flex-col flex-grow\">\n<div class=\"min-h-8 text-message flex w-full flex-col items-end gap-2 whitespace-normal break-words &#091;.text-message+&amp;&#093;:mt-5\" dir=\"auto\" data-message-author-role=\"assistant\" data-message-id=\"a04d0af3-a94a-4b48-b10e-680780c6ebdb\" data-message-model-slug=\"gpt-4o\">\n<div class=\"flex w-full flex-col gap-1 empty:hidden first:pt-&#091;3px&#093;\">\n<div class=\"markdown prose w-full break-words dark:prose-invert light\">\n<p><strong>Verarbeitung personenbezogener Daten<\/strong><br \/>(Datenschutzpolitik gem\u00e4\u00df Artikel 13 des Gesetzesdekrets 196\/2003)<\/p>\n<p>Wir informieren Sie dar\u00fcber, dass die Daten, die Sie dem Betreiber dieser Website zur Verf\u00fcgung stellen, in \u00dcbereinstimmung mit den Bestimmungen des Gesetzesdekrets 196\/2003, Kodex zum Schutz personenbezogener Daten, verarbeitet werden.<\/p>\n<p>Diese Informationen betreffen die pers\u00f6nlichen Daten, die der Benutzer beim Ausf\u00fcllen des Formulars oder bei sp\u00e4teren Kontakten mit dem Betreiber der Website \u00fcbermittelt.<\/p>\n<p>Wir informieren Sie dar\u00fcber, dass die Daten, die Sie freiwillig \u00fcber das Formular angeben, in einer Datenbank gespeichert werden, um dem Betreiber der Website die Durchf\u00fchrung der mit der Website selbst verbundenen Operationen zu erm\u00f6glichen.<\/p>\n<ol>\n<li>\n<p><strong>Zweck der Verarbeitung personenbezogener Daten<\/strong><\/p>\n<p>Die Zwecke der Verarbeitung Ihrer Daten sind folgende:<\/p>\n<\/li>\n<\/ol>\n<ul>\n<li>\n<p>Die \u00fcbermittelten Daten werden verwendet, um mit dem Nutzer zu kommunizieren und die gew\u00fcnschten Informationen bereitzustellen.<\/p>\n<\/li>\n<\/ul>\n<ol start=\"2\">\n<li>\n<p><strong>Art der verarbeiteten Daten und Methode der Verarbeitung<\/strong><\/p>\n<p>Verarbeitet werden ausschlie\u00dflich personenbezogene Daten, die beim Ausf\u00fcllen des Formulars oder bei direktem Kontakt mit dem Betreiber freiwillig angegeben werden.<\/p>\n<p>Die Verarbeitung der angegebenen personenbezogenen Daten erfolgt durch die in Artikel 4, Absatz 1, Buchstabe a) des Gesetzesdekrets 196\/2003 genannten Vorg\u00e4nge oder Vorgangsreihen.<\/p>\n<p>Die Verarbeitung erfolgt direkt durch den f\u00fcr die Datenverarbeitung Verantwortlichen.<\/p>\n<\/li>\n<li>\n<p><strong>Freiwillige Bereitstellung von Daten<\/strong><\/p>\n<p>Die Angabe von Daten ist freiwillig. Wenn Sie sich jedoch weigern, sie anzugeben, k\u00f6nnen wir Sie nicht kontaktieren. <\/p>\n<\/li>\n<li>\n<p><strong>Datenkontrolleur<\/strong><\/p>\n<p>Der Inhaber der Datenverarbeitung ist Adriatic Wave Yachting Group d.o.o &#8211; Rapska 46B, 10000 Zagreb (Kroatien) &#8211; OIB: 27008619392 | MBS: 081489412.<\/p>\n<\/li>\n<li>\n<p><strong>Rechte der betroffenen Person<\/strong><\/p>\n<p>Die Personen, auf die sich die personenbezogenen Daten beziehen, haben jederzeit das Recht, eine Best\u00e4tigung \u00fcber das Vorhandensein oder Nichtvorhandensein der Daten zu erhalten und ihren Inhalt und Ursprung zu erfahren, ihre Richtigkeit zu \u00fcberpr\u00fcfen oder ihre Aktualisierung, Erg\u00e4nzung oder Berichtigung zu verlangen (Artikel 7 des Gesetzesdekrets 196\/03).<\/p>\n<p>Gem\u00e4\u00df demselben Artikel hat der Nutzer das Recht, die L\u00f6schung, Anonymisierung oder Sperrung von Daten zu verlangen, die unter Versto\u00df gegen das Gesetz verarbeitet wurden, und sich in jedem Fall aus legitimen Gr\u00fcnden ihrer Verarbeitung zu widersetzen.<\/p>\n<\/li>\n<li>\n<p><strong>Dauer der Verarbeitung<\/strong><\/p>\n<p>Die Verarbeitung wird nicht l\u00e4nger dauern, als es f\u00fcr die Zwecke, f\u00fcr die die Daten erhoben wurden, erforderlich ist.<\/p>\n<\/li>\n<\/ol>\n<\/div>\n<\/div>\n<\/div>\n<\/div>\n<\/div>\n<\/div>\n<\/div><\/div><\/div><\/div><\/div>\n","protected":false},"excerpt":{"rendered":"","protected":false},"author":1,"featured_media":0,"parent":0,"menu_order":0,"comment_status":"closed","ping_status":"closed","template":"","meta":{"footnotes":""},"class_list":["post-5682","page","type-page","status-publish","hentry"],"_links":{"self":[{"href":"https:\/\/www.adriaticwave.com\/de\/wp-json\/wp\/v2\/pages\/5682","targetHints":{"allow":["GET"]}}],"collection":[{"href":"https:\/\/www.adriaticwave.com\/de\/wp-json\/wp\/v2\/pages"}],"about":[{"href":"https:\/\/www.adriaticwave.com\/de\/wp-json\/wp\/v2\/types\/page"}],"author":[{"embeddable":true,"href":"https:\/\/www.adriaticwave.com\/de\/wp-json\/wp\/v2\/users\/1"}],"replies":[{"embeddable":true,"href":"https:\/\/www.adriaticwave.com\/de\/wp-json\/wp\/v2\/comments?post=5682"}],"version-history":[{"count":4,"href":"https:\/\/www.adriaticwave.com\/de\/wp-json\/wp\/v2\/pages\/5682\/revisions"}],"predecessor-version":[{"id":7795,"href":"https:\/\/www.adriaticwave.com\/de\/wp-json\/wp\/v2\/pages\/5682\/revisions\/7795"}],"wp:attachment":[{"href":"https:\/\/www.adriaticwave.com\/de\/wp-json\/wp\/v2\/media?parent=5682"}],"curies":[{"name":"wp","href":"https:\/\/api.w.org\/{rel}","templated":true}]}}