{"id":4378,"date":"2024-08-30T08:26:10","date_gmt":"2024-08-30T06:26:10","guid":{"rendered":"https:\/\/www.infenso.eu\/adriaticwave\/servis\/"},"modified":"2026-02-28T12:17:00","modified_gmt":"2026-02-28T10:17:00","slug":"servis","status":"publish","type":"page","link":"https:\/\/www.adriaticwave.com\/hr\/servis\/","title":{"rendered":"SERVIS"},"content":{"rendered":"<p><div class=\"fusion-fullwidth fullwidth-box fusion-builder-row-1 fusion-flex-container has-pattern-background has-mask-background nonhundred-percent-fullwidth non-hundred-percent-height-scrolling\" style=\"--awb-border-radius-top-left:0px;--awb-border-radius-top-right:0px;--awb-border-radius-bottom-right:0px;--awb-border-radius-bottom-left:0px;--awb-flex-wrap:wrap;\" ><div class=\"fusion-builder-row fusion-row fusion-flex-align-items-flex-start fusion-flex-content-wrap\" style=\"max-width:1393.6px;margin-left: calc(-4% \/ 2 );margin-right: calc(-4% \/ 2 );\"><div class=\"fusion-layout-column fusion_builder_column fusion-builder-column-0 fusion_builder_column_1_1 1_1 fusion-flex-column\" style=\"--awb-bg-size:cover;--awb-width-large:100%;--awb-margin-top-large:0px;--awb-spacing-right-large:1.92%;--awb-margin-bottom-large:20px;--awb-spacing-left-large:1.92%;--awb-width-medium:100%;--awb-order-medium:0;--awb-spacing-right-medium:1.92%;--awb-spacing-left-medium:1.92%;--awb-width-small:100%;--awb-order-small:0;--awb-spacing-right-small:1.92%;--awb-spacing-left-small:1.92%;\"><div class=\"fusion-column-wrapper fusion-column-has-shadow fusion-flex-justify-content-flex-start fusion-content-layout-column\"><div class=\"fusion-title title fusion-title-1 fusion-sep-none fusion-title-text fusion-title-size-one\"><h1 class=\"fusion-title-heading title-heading-left fusion-responsive-typography-calculated\" style=\"margin:0;text-transform:capitalize;--fontSize:64;line-height:var(--awb-typography1-line-height);\"><h1 class=\"top_page_title\" style=\"text-align: center;\">Profesionalna usluga<\/h1><\/h1><\/div><div class=\"fusion-text fusion-text-1\"><h2 style=\"text-align: justify; --fontSize: 48; line-height: 1.2;\" data-fontsize=\"48\" data-lineheight=\"57.6px\" class=\"fusion-responsive-typography-calculated\"><b> Yachts Dealer and Broker<\/b><\/h2>\n<p style=\"text-align: justify;\">We are proud to present the complete lineup of Absolute Yachts boats  With the extensive sales network established by Absolute, all models are readily accessible for viewing across Italy and Croatia. We invite you to visit the<b> ABSOLUTE<\/b> section of our website, where you can explore detailed technical specifications and features of our impressive fleet.<\/p>\n<p style=\"text-align: justify;\">In addition to new yachts, we also offer a carefully curated selection of pre-owned boats. Each of our used boats undergoes a rigorous inspection process to ensure they meet our high standards of quality and performance. Our goal is to guarantee that new owners will appreciate their boats just as much as the previous ones have.<\/p>\n<p style=\"text-align: justify;\">As a dedicated dealer, we prioritize building lasting relationships with our clients. We believe in providing continuous support and care, ensuring that your experience with us is not just a transaction, but a long-term partnership. Your satisfaction is our mission, and we are committed to assisting you throughout your boating journey.<\/p>\n<p style=\"text-align: justify;\">\n<h2 style=\"text-align: justify; --fontSize: 48; line-height: 1.2;\" data-fontsize=\"48\" data-lineheight=\"57.6px\" class=\"fusion-responsive-typography-calculated\">After-Sale Service<\/h2>\n<p style=\"text-align: justify;\">Service and after-sales support are essential to our business. We aim to ensure reliable and safe boat usage throughout its life cycle.<\/p>\n<p style=\"text-align: justify;\">Our skilled service team provides authorized service, maintenance, diagnostics, and repairs. Support starts upon delivery and includes:<\/p>\n<p style=\"text-align: justify;\"><b>\u2022 Boat Handover<\/b>: We educate clients on systems and safety equipment, ensuring confidence in maneuvering while assisting with registration and documentation.<\/p>\n<p style=\"text-align: justify;\">\u2022<b> Safety and additional Equipment<\/b>: We outfit the boat with necessary safety gear and additional amenities per the client&#8217;s request, making it ready for the season.<\/p>\n<p style=\"text-align: justify;\">\u2022<b> Maintenance Plans<\/b>: We create tailored service plans, conduct regular checks, and schedule cleaning and maintenance, ensuring the boat is always in top condition.<\/p>\n<p style=\"text-align: justify;\">Thanks to our well-organized logistics and partner network, we are able to react quickly and provide support in the field, at the marina or in the service center. Customers always have a single point of contact, ensuring clear communication and quick solutions.Our after-sales support is organized through several strategic locations in order to provide Absolut owners with availability, speed, and a high level of service throughout the year. <\/p>\n<p style=\"text-align: justify;\"><b>SERVICE LOCATIONS<\/b><\/p>\n<p style=\"text-align: justify;\">CROATIA<\/p>\n<p style=\"text-align: justify;\">-Rovinj<\/p>\n<p style=\"text-align: justify;\">-Umag<\/p>\n<p style=\"text-align: justify;\">-Murter<\/p>\n<p style=\"text-align: justify;\">-\u0160ibenik<\/p>\n<p style=\"text-align: justify;\">ITALY<\/p>\n<p style=\"text-align: justify;\">-Chioggia<\/p>\n<p style=\"text-align: justify;\">-San Giorgio di Nogaro<\/p>\n<\/div><\/div><\/div><\/div><\/div><div class=\"fusion-fullwidth fullwidth-box fusion-builder-row-2 fusion-flex-container has-pattern-background has-mask-background nonhundred-percent-fullwidth non-hundred-percent-height-scrolling\" style=\"--awb-border-radius-top-left:0px;--awb-border-radius-top-right:0px;--awb-border-radius-bottom-right:0px;--awb-border-radius-bottom-left:0px;--awb-flex-wrap:wrap;\" ><div class=\"fusion-builder-row fusion-row fusion-flex-align-items-flex-start fusion-flex-content-wrap\" style=\"max-width:1393.6px;margin-left: calc(-4% \/ 2 );margin-right: calc(-4% \/ 2 );\"><div class=\"fusion-layout-column fusion_builder_column fusion-builder-column-1 fusion_builder_column_1_1 1_1 fusion-flex-column\" style=\"--awb-bg-size:cover;--awb-width-large:100%;--awb-margin-top-large:0px;--awb-spacing-right-large:1.92%;--awb-margin-bottom-large:20px;--awb-spacing-left-large:1.92%;--awb-width-medium:100%;--awb-order-medium:0;--awb-spacing-right-medium:1.92%;--awb-spacing-left-medium:1.92%;--awb-width-small:100%;--awb-order-small:0;--awb-spacing-right-small:1.92%;--awb-spacing-left-small:1.92%;\"><div class=\"fusion-column-wrapper fusion-column-has-shadow fusion-flex-justify-content-flex-start fusion-content-layout-column\"><div style=\"--awb-height:600px;\" class=\"awb-openstreet-map awb-openstreet-map-1\" data-map-style=\"carto-db\" data-map-type=\"marker\" data-zoom=\"14\" data-zoomsnap=\"1\" data-zoomcontrol=\"1\" data-scrollwheelzoom=\"1\" data-dragging=\"1\" data-touchzoom=\"1\" data-dbclickzoom=\"1\" data-fitbounds=\"1\" data-shape-color=\"rgba(0,70,126,1)\" data-shape-weight=\"3\"><div class=\"awb-openstreet-map-marker awb-openstreet-map-marker-1\" data-latitude=\"45.0758694\" data-longitude=\"13.6347643\" data-icon=\"fa-map-marker-alt fas\" data-action=\"popup\"><div class=\"awb-openstreet-map-marker-icon-wrapper\" style=\"\"><i class=\"fa-map-marker-alt fas\"><\/i><\/div><div class=\"awb-openstreet-map-content-wrapper\"><h5 class=\"awb-openstreet-map-marker-title\">Rovinj<\/h5><\/div><\/div><div class=\"awb-openstreet-map-marker awb-openstreet-map-marker-2\" data-latitude=\"43.7202042\" data-longitude=\"15.8958358\" data-icon=\"fa-map-marker-alt fas\" data-action=\"popup\"><div class=\"awb-openstreet-map-marker-icon-wrapper\" style=\"\"><i class=\"fa-map-marker-alt fas\"><\/i><\/div><div class=\"awb-openstreet-map-content-wrapper\"><h5 class=\"awb-openstreet-map-marker-title\">\u0160ibenik<\/h5><\/div><\/div><div class=\"awb-openstreet-map-marker awb-openstreet-map-marker-3\" data-latitude=\"45.4394588\" data-longitude=\"13.5152070\" data-icon=\"fa-map-marker-alt fas\" data-action=\"popup\"><div class=\"awb-openstreet-map-marker-icon-wrapper\" style=\"\"><i class=\"fa-map-marker-alt fas\"><\/i><\/div><div class=\"awb-openstreet-map-content-wrapper\"><h5 class=\"awb-openstreet-map-marker-title\">UMAG<\/h5><\/div><\/div><div class=\"awb-openstreet-map-marker awb-openstreet-map-marker-4\" data-latitude=\"43.8268424\" data-longitude=\"15.5917517\" data-icon=\"fa-map-marker-alt fas\" data-action=\"popup\"><div class=\"awb-openstreet-map-marker-icon-wrapper\" style=\"\"><i class=\"fa-map-marker-alt fas\"><\/i><\/div><div class=\"awb-openstreet-map-content-wrapper\"><h5 class=\"awb-openstreet-map-marker-title\">MARINA HRAMINA<\/h5><\/div><\/div><div class=\"awb-openstreet-map-marker awb-openstreet-map-marker-5\" data-latitude=\"45.2249005\" data-longitude=\"12.2787985\" data-icon=\"fa-map-marker-alt fas\" data-action=\"popup\"><div class=\"awb-openstreet-map-marker-icon-wrapper\" style=\"\"><i class=\"fa-map-marker-alt fas\"><\/i><\/div><div class=\"awb-openstreet-map-content-wrapper\"><\/div><\/div><div class=\"awb-openstreet-map-marker awb-openstreet-map-marker-6\" data-latitude=\"45.8320236\" data-longitude=\"13.2111453\" data-icon=\"fa-map-marker-alt fas\" data-action=\"popup\"><div class=\"awb-openstreet-map-marker-icon-wrapper\" style=\"\"><i class=\"fa-map-marker-alt fas\"><\/i><\/div><div class=\"awb-openstreet-map-content-wrapper\"><\/div><\/div><\/div><\/div><\/div><\/div><\/div><div class=\"fusion-fullwidth fullwidth-box fusion-builder-row-3 fusion-flex-container has-pattern-background has-mask-background nonhundred-percent-fullwidth non-hundred-percent-height-scrolling\" style=\"--awb-border-radius-top-left:0px;--awb-border-radius-top-right:0px;--awb-border-radius-bottom-right:0px;--awb-border-radius-bottom-left:0px;--awb-flex-wrap:wrap;\" ><div class=\"fusion-builder-row fusion-row fusion-flex-align-items-flex-start fusion-flex-content-wrap\" style=\"max-width:1393.6px;margin-left: calc(-4% \/ 2 );margin-right: calc(-4% \/ 2 );\"><div class=\"fusion-layout-column fusion_builder_column fusion-builder-column-2 fusion_builder_column_1_1 1_1 fusion-flex-column\" style=\"--awb-bg-size:cover;--awb-width-large:100%;--awb-margin-top-large:0px;--awb-spacing-right-large:1.92%;--awb-margin-bottom-large:20px;--awb-spacing-left-large:1.92%;--awb-width-medium:100%;--awb-order-medium:0;--awb-spacing-right-medium:1.92%;--awb-spacing-left-medium:1.92%;--awb-width-small:100%;--awb-order-small:0;--awb-spacing-right-small:1.92%;--awb-spacing-left-small:1.92%;\"><div class=\"fusion-column-wrapper fusion-column-has-shadow fusion-flex-justify-content-flex-start fusion-content-layout-column\"><div class=\"fusion-text fusion-text-2\"><h2>Upravljanje jahtama<\/h2>\n<p>Adriatic Wave, putem svoje servisne mre\u017ee, ima kompetencije i profesionalnost za 360\u00b0 brigu o va\u0161oj jahti. Ako nemate puno vremena, ako \u017eivite daleko ili \u010dak ako ste zabrinuti zbog ostavljanja plovila bez nadzora dulje vrijeme, mi \u0107emo se pobrinuti za va\u0161e plovilo: periodi\u010dne provjere, \u010di\u0161\u0107enje, unutarnje \u010di\u0161\u0107enje i skladi\u0161tenje. Ne ustru\u010davajte se kontaktirati nas!  <\/p>\n<h2>Prijevoz jahti<\/h2>\n<p>S visokokvalificiranim osobljem, u mogu\u0107nosti smo prevesti va\u0161 brod morem gdje god \u017eelite, a zahvaljuju\u0107i mre\u017ei stru\u010dnih suradnika mo\u017eemo organizirati iznimne prijevoze kopnom i brodom bilo gdje u svijetu.<\/p>\n<\/div><\/div><\/div><\/div><\/div><div class=\"fusion-fullwidth fullwidth-box fusion-builder-row-4 fusion-flex-container has-pattern-background has-mask-background nonhundred-percent-fullwidth non-hundred-percent-height-scrolling\" style=\"--awb-border-radius-top-left:0px;--awb-border-radius-top-right:0px;--awb-border-radius-bottom-right:0px;--awb-border-radius-bottom-left:0px;--awb-flex-wrap:wrap;\" ><div class=\"fusion-builder-row fusion-row fusion-flex-align-items-flex-start fusion-flex-content-wrap\" style=\"max-width:1393.6px;margin-left: calc(-4% \/ 2 );margin-right: calc(-4% \/ 2 );\"><div class=\"fusion-layout-column fusion_builder_column fusion-builder-column-3 fusion_builder_column_1_1 1_1 fusion-flex-column\" style=\"--awb-bg-size:cover;--awb-width-large:100%;--awb-margin-top-large:0px;--awb-spacing-right-large:1.92%;--awb-margin-bottom-large:20px;--awb-spacing-left-large:1.92%;--awb-width-medium:100%;--awb-order-medium:0;--awb-spacing-right-medium:1.92%;--awb-spacing-left-medium:1.92%;--awb-width-small:100%;--awb-order-small:0;--awb-spacing-right-small:1.92%;--awb-spacing-left-small:1.92%;\"><div class=\"fusion-column-wrapper fusion-column-has-shadow fusion-flex-justify-content-flex-start fusion-content-layout-column\"><div class=\"awb-gallery-wrapper awb-gallery-wrapper-1 button-span-no\" style=\"--more-btn-alignment:center;\"><div style=\"margin:-5px;--awb-aspect-ratio:1 \/ 1;--awb-bordersize:0px;\" class=\"fusion-gallery fusion-gallery-container fusion-grid-3 fusion-columns-total-9 fusion-gallery-layout-grid fusion-gallery-1 has-aspect-ratio\"><div style=\"padding:5px;\" class=\"fusion-grid-column fusion-gallery-column fusion-gallery-column-3 hover-type-none\"><div class=\"fusion-gallery-image\"><a href=\"https:\/\/www.adriaticwave.com\/wp-content\/uploads\/2026\/02\/20022026-Adriatic-Wave-FR-5-scaled.jpg\" rel=\"noreferrer\" data-rel=\"iLightbox[gallery_image_1]\" class=\"fusion-lightbox\" target=\"_self\"><img decoding=\"async\" src=\"https:\/\/www.adriaticwave.com\/wp-content\/uploads\/2026\/02\/20022026-Adriatic-Wave-FR-5-scaled.jpg\" width=\"2560\" height=\"1707\" alt=\"\" title=\"Adriatic Wave\" aria-label=\"Adriatic Wave\" class=\"img-responsive wp-image-11614 fusion-gallery-image-size-fixed\" srcset=\"https:\/\/www.adriaticwave.com\/wp-content\/uploads\/2026\/02\/20022026-Adriatic-Wave-FR-5-200x133.jpg 200w, https:\/\/www.adriaticwave.com\/wp-content\/uploads\/2026\/02\/20022026-Adriatic-Wave-FR-5-400x267.jpg 400w, https:\/\/www.adriaticwave.com\/wp-content\/uploads\/2026\/02\/20022026-Adriatic-Wave-FR-5-600x400.jpg 600w, https:\/\/www.adriaticwave.com\/wp-content\/uploads\/2026\/02\/20022026-Adriatic-Wave-FR-5-800x533.jpg 800w, https:\/\/www.adriaticwave.com\/wp-content\/uploads\/2026\/02\/20022026-Adriatic-Wave-FR-5-1200x800.jpg 1200w, https:\/\/www.adriaticwave.com\/wp-content\/uploads\/2026\/02\/20022026-Adriatic-Wave-FR-5-scaled.jpg 2560w\" sizes=\"(min-width: 2200px) 100vw, (min-width: 784px) 443px, (min-width: 712px) 665px, (min-width: 640px) 712px, \" \/><\/a><\/div><\/div><div style=\"padding:5px;\" class=\"fusion-grid-column fusion-gallery-column fusion-gallery-column-3 hover-type-none\"><div class=\"fusion-gallery-image\"><a href=\"https:\/\/www.adriaticwave.com\/wp-content\/uploads\/2026\/02\/20022026-Adriatic-Wave-FR-8-scaled.jpg\" rel=\"noreferrer\" data-rel=\"iLightbox[gallery_image_1]\" class=\"fusion-lightbox\" target=\"_self\"><img decoding=\"async\" src=\"https:\/\/www.adriaticwave.com\/wp-content\/uploads\/2026\/02\/20022026-Adriatic-Wave-FR-8-scaled.jpg\" width=\"1707\" height=\"2560\" alt=\"\" title=\"Adriatic Wave\" aria-label=\"Adriatic Wave\" class=\"img-responsive wp-image-11615 fusion-gallery-image-size-fixed\" srcset=\"https:\/\/www.adriaticwave.com\/wp-content\/uploads\/2026\/02\/20022026-Adriatic-Wave-FR-8-200x300.jpg 200w, https:\/\/www.adriaticwave.com\/wp-content\/uploads\/2026\/02\/20022026-Adriatic-Wave-FR-8-400x600.jpg 400w, https:\/\/www.adriaticwave.com\/wp-content\/uploads\/2026\/02\/20022026-Adriatic-Wave-FR-8-600x900.jpg 600w, https:\/\/www.adriaticwave.com\/wp-content\/uploads\/2026\/02\/20022026-Adriatic-Wave-FR-8-800x1200.jpg 800w, https:\/\/www.adriaticwave.com\/wp-content\/uploads\/2026\/02\/20022026-Adriatic-Wave-FR-8-1200x1800.jpg 1200w, https:\/\/www.adriaticwave.com\/wp-content\/uploads\/2026\/02\/20022026-Adriatic-Wave-FR-8-scaled.jpg 1707w\" sizes=\"(min-width: 2200px) 100vw, (min-width: 784px) 443px, (min-width: 712px) 665px, (min-width: 640px) 712px, \" \/><\/a><\/div><\/div><div style=\"padding:5px;\" class=\"fusion-grid-column fusion-gallery-column fusion-gallery-column-3 hover-type-none\"><div class=\"fusion-gallery-image\"><a href=\"https:\/\/www.adriaticwave.com\/wp-content\/uploads\/2026\/02\/20022026-Adriatic-Wave-FR-3-scaled.jpg\" rel=\"noreferrer\" data-rel=\"iLightbox[gallery_image_1]\" class=\"fusion-lightbox\" target=\"_self\"><img decoding=\"async\" src=\"https:\/\/www.adriaticwave.com\/wp-content\/uploads\/2026\/02\/20022026-Adriatic-Wave-FR-3-scaled.jpg\" width=\"1707\" height=\"2560\" alt=\"\" title=\"Adriatic Wave\" aria-label=\"Adriatic Wave\" class=\"img-responsive wp-image-11616 fusion-gallery-image-size-fixed\" srcset=\"https:\/\/www.adriaticwave.com\/wp-content\/uploads\/2026\/02\/20022026-Adriatic-Wave-FR-3-200x300.jpg 200w, https:\/\/www.adriaticwave.com\/wp-content\/uploads\/2026\/02\/20022026-Adriatic-Wave-FR-3-400x600.jpg 400w, https:\/\/www.adriaticwave.com\/wp-content\/uploads\/2026\/02\/20022026-Adriatic-Wave-FR-3-600x900.jpg 600w, https:\/\/www.adriaticwave.com\/wp-content\/uploads\/2026\/02\/20022026-Adriatic-Wave-FR-3-800x1200.jpg 800w, https:\/\/www.adriaticwave.com\/wp-content\/uploads\/2026\/02\/20022026-Adriatic-Wave-FR-3-1200x1800.jpg 1200w, https:\/\/www.adriaticwave.com\/wp-content\/uploads\/2026\/02\/20022026-Adriatic-Wave-FR-3-scaled.jpg 1707w\" sizes=\"(min-width: 2200px) 100vw, (min-width: 784px) 443px, (min-width: 712px) 665px, (min-width: 640px) 712px, \" \/><\/a><\/div><\/div><div class=\"clearfix\"><\/div><div style=\"padding:5px;\" class=\"fusion-grid-column fusion-gallery-column fusion-gallery-column-3 hover-type-none\"><div class=\"fusion-gallery-image\"><a href=\"https:\/\/www.adriaticwave.com\/wp-content\/uploads\/2026\/02\/20022026-Adriatic-Wave-FR-1-scaled.jpg\" rel=\"noreferrer\" data-rel=\"iLightbox[gallery_image_1]\" class=\"fusion-lightbox\" target=\"_self\"><img decoding=\"async\" src=\"https:\/\/www.adriaticwave.com\/wp-content\/uploads\/2026\/02\/20022026-Adriatic-Wave-FR-1-scaled.jpg\" width=\"2560\" height=\"1706\" alt=\"\" title=\"Adriatic Wave\" aria-label=\"Adriatic Wave\" class=\"img-responsive wp-image-11617 fusion-gallery-image-size-fixed\" srcset=\"https:\/\/www.adriaticwave.com\/wp-content\/uploads\/2026\/02\/20022026-Adriatic-Wave-FR-1-200x133.jpg 200w, https:\/\/www.adriaticwave.com\/wp-content\/uploads\/2026\/02\/20022026-Adriatic-Wave-FR-1-400x267.jpg 400w, https:\/\/www.adriaticwave.com\/wp-content\/uploads\/2026\/02\/20022026-Adriatic-Wave-FR-1-600x400.jpg 600w, https:\/\/www.adriaticwave.com\/wp-content\/uploads\/2026\/02\/20022026-Adriatic-Wave-FR-1-800x533.jpg 800w, https:\/\/www.adriaticwave.com\/wp-content\/uploads\/2026\/02\/20022026-Adriatic-Wave-FR-1-1200x800.jpg 1200w, https:\/\/www.adriaticwave.com\/wp-content\/uploads\/2026\/02\/20022026-Adriatic-Wave-FR-1-scaled.jpg 2560w\" sizes=\"(min-width: 2200px) 100vw, (min-width: 784px) 443px, (min-width: 712px) 665px, (min-width: 640px) 712px, \" \/><\/a><\/div><\/div><div style=\"padding:5px;\" class=\"fusion-grid-column fusion-gallery-column fusion-gallery-column-3 hover-type-none\"><div class=\"fusion-gallery-image\"><a href=\"https:\/\/www.adriaticwave.com\/wp-content\/uploads\/2024\/09\/ABSOLUTE-24.jpg\" rel=\"noreferrer\" data-rel=\"iLightbox[gallery_image_1]\" class=\"fusion-lightbox\" target=\"_self\"><img decoding=\"async\" src=\"https:\/\/www.adriaticwave.com\/wp-content\/uploads\/2024\/09\/ABSOLUTE-24-460x295.jpg\" width=\"460\" height=\"295\" alt=\"\" title=\"ABSOLUTE 24\" aria-label=\"ABSOLUTE 24\" class=\"img-responsive wp-image-11618 fusion-gallery-image-size-fixed\"  \/><\/a><\/div><\/div><div style=\"padding:5px;\" class=\"fusion-grid-column fusion-gallery-column fusion-gallery-column-3 hover-type-none\"><div class=\"fusion-gallery-image\"><a href=\"https:\/\/www.adriaticwave.com\/wp-content\/uploads\/2024\/09\/ABSOLUTE-21.jpg\" rel=\"noreferrer\" data-rel=\"iLightbox[gallery_image_1]\" class=\"fusion-lightbox\" target=\"_self\"><img decoding=\"async\" src=\"https:\/\/www.adriaticwave.com\/wp-content\/uploads\/2024\/09\/ABSOLUTE-21-460x295.jpg\" width=\"460\" height=\"295\" alt=\"\" title=\"ABSOLUTE 21\" aria-label=\"ABSOLUTE 21\" class=\"img-responsive wp-image-11619 fusion-gallery-image-size-fixed\"  \/><\/a><\/div><\/div><div class=\"clearfix\"><\/div><div style=\"padding:5px;\" class=\"fusion-grid-column fusion-gallery-column fusion-gallery-column-3 hover-type-none\"><div class=\"fusion-gallery-image\"><a href=\"https:\/\/www.adriaticwave.com\/wp-content\/uploads\/2024\/08\/3-2.jpg\" rel=\"noreferrer\" data-rel=\"iLightbox[gallery_image_1]\" class=\"fusion-lightbox\" target=\"_self\"><img decoding=\"async\" src=\"https:\/\/www.adriaticwave.com\/wp-content\/uploads\/2024\/08\/3-2-460x295.jpg\" width=\"460\" height=\"295\" alt=\"\" title=\"3\" aria-label=\"3\" class=\"img-responsive wp-image-11620 fusion-gallery-image-size-fixed\"  \/><\/a><\/div><\/div><div style=\"padding:5px;\" class=\"fusion-grid-column fusion-gallery-column fusion-gallery-column-3 hover-type-none\"><div class=\"fusion-gallery-image\"><a href=\"https:\/\/www.adriaticwave.com\/wp-content\/uploads\/2024\/08\/1-2.jpg\" rel=\"noreferrer\" data-rel=\"iLightbox[gallery_image_1]\" class=\"fusion-lightbox\" target=\"_self\"><img decoding=\"async\" src=\"https:\/\/www.adriaticwave.com\/wp-content\/uploads\/2024\/08\/1-2-460x295.jpg\" width=\"460\" height=\"295\" alt=\"\" title=\"1\" aria-label=\"1\" class=\"img-responsive wp-image-11621 fusion-gallery-image-size-fixed\"  \/><\/a><\/div><\/div><div style=\"padding:5px;\" class=\"fusion-grid-column fusion-gallery-column fusion-gallery-column-3 hover-type-none\"><div class=\"fusion-gallery-image\"><a href=\"https:\/\/www.adriaticwave.com\/wp-content\/uploads\/2024\/08\/7-1.jpg\" rel=\"noreferrer\" data-rel=\"iLightbox[gallery_image_1]\" class=\"fusion-lightbox\" target=\"_self\"><img decoding=\"async\" src=\"https:\/\/www.adriaticwave.com\/wp-content\/uploads\/2024\/08\/7-1-460x295.jpg\" width=\"460\" height=\"295\" alt=\"\" title=\"7\" aria-label=\"7\" class=\"img-responsive wp-image-11622 fusion-gallery-image-size-fixed\"  \/><\/a><\/div><\/div><div class=\"clearfix\"><\/div><\/div><\/div><\/div><\/div><\/div><\/div><\/p>\n","protected":false},"excerpt":{"rendered":"","protected":false},"author":1,"featured_media":0,"parent":0,"menu_order":0,"comment_status":"closed","ping_status":"closed","template":"","meta":{"footnotes":""},"class_list":["post-4378","page","type-page","status-publish","hentry"],"_links":{"self":[{"href":"https:\/\/www.adriaticwave.com\/hr\/wp-json\/wp\/v2\/pages\/4378","targetHints":{"allow":["GET"]}}],"collection":[{"href":"https:\/\/www.adriaticwave.com\/hr\/wp-json\/wp\/v2\/pages"}],"about":[{"href":"https:\/\/www.adriaticwave.com\/hr\/wp-json\/wp\/v2\/types\/page"}],"author":[{"embeddable":true,"href":"https:\/\/www.adriaticwave.com\/hr\/wp-json\/wp\/v2\/users\/1"}],"replies":[{"embeddable":true,"href":"https:\/\/www.adriaticwave.com\/hr\/wp-json\/wp\/v2\/comments?post=4378"}],"version-history":[{"count":11,"href":"https:\/\/www.adriaticwave.com\/hr\/wp-json\/wp\/v2\/pages\/4378\/revisions"}],"predecessor-version":[{"id":11626,"href":"https:\/\/www.adriaticwave.com\/hr\/wp-json\/wp\/v2\/pages\/4378\/revisions\/11626"}],"wp:attachment":[{"href":"https:\/\/www.adriaticwave.com\/hr\/wp-json\/wp\/v2\/media?parent=4378"}],"curies":[{"name":"wp","href":"https:\/\/api.w.org\/{rel}","templated":true}]}}