{"id":5451,"date":"2024-10-16T14:38:24","date_gmt":"2024-10-16T12:38:24","guid":{"rendered":"https:\/\/www.infenso.eu\/adriaticwave\/privatnost\/"},"modified":"2026-02-06T12:17:42","modified_gmt":"2026-02-06T10:17:42","slug":"privatnost","status":"publish","type":"page","link":"https:\/\/www.adriaticwave.com\/hr\/privatnost\/","title":{"rendered":"Privatnost"},"content":{"rendered":"<div class=\"fusion-fullwidth fullwidth-box fusion-builder-row-1 fusion-flex-container nonhundred-percent-fullwidth non-hundred-percent-height-scrolling\" style=\"--awb-border-radius-top-left:0px;--awb-border-radius-top-right:0px;--awb-border-radius-bottom-right:0px;--awb-border-radius-bottom-left:0px;--awb-flex-wrap:wrap;\" ><div class=\"fusion-builder-row fusion-row fusion-flex-align-items-flex-start fusion-flex-content-wrap\" style=\"max-width:1393.6px;margin-left: calc(-4% \/ 2 );margin-right: calc(-4% \/ 2 );\"><div class=\"fusion-layout-column fusion_builder_column fusion-builder-column-0 fusion_builder_column_1_1 1_1 fusion-flex-column\" style=\"--awb-bg-size:cover;--awb-width-large:100%;--awb-margin-top-large:0px;--awb-spacing-right-large:1.92%;--awb-margin-bottom-large:0px;--awb-spacing-left-large:1.92%;--awb-width-medium:100%;--awb-spacing-right-medium:1.92%;--awb-spacing-left-medium:1.92%;--awb-width-small:100%;--awb-spacing-right-small:1.92%;--awb-spacing-left-small:1.92%;\"><div class=\"fusion-column-wrapper fusion-flex-justify-content-flex-start fusion-content-layout-column\"><div class=\"fusion-text fusion-text-1\" style=\"--awb-user-select:auto;\"><div class=\"flex-shrink-0 flex flex-col relative items-end\">\n<div>\n<div class=\"pt-0\">\n<div class=\"gizmo-bot-avatar flex h-8 w-8 items-center justify-center overflow-hidden rounded-full\">\n<h2 class=\"relative p-1 rounded-sm flex items-center justify-center bg-token-main-surface-primary text-token-text-primary h-8 w-8 wp-block-heading\" data-fontsize=\"48\" data-lineheight=\"57.6px\">Privatnost<\/h2>\n<\/div>\n<\/div>\n<\/div>\n<\/div>\n<div class=\"group\/conversation-turn relative flex w-full min-w-0 flex-col agent-turn\">\n<div class=\"flex-col gap-1 md:gap-3\">\n<div class=\"flex max-w-full flex-col flex-grow\">\n<div class=\"min-h-8 text-message flex w-full flex-col items-end gap-2 whitespace-normal break-words &#091;.text-message+&amp;&#093;:mt-5\" dir=\"auto\" data-message-author-role=\"assistant\" data-message-id=\"a04d0af3-a94a-4b48-b10e-680780c6ebdb\" data-message-model-slug=\"gpt-4o\">\n<div class=\"flex w-full flex-col gap-1 empty:hidden first:pt-&#091;3px&#093;\">\n<div class=\"markdown prose w-full break-words dark:prose-invert light\">\n<p><strong>Obrada osobnih podataka<\/strong><br \/>(Politika privatnosti prema \u010dlanku 13. Zakona o za\u0161titi osobnih podataka, d.lgs. 196\/2003)<\/p>\n<p>Obavje\u0161tavamo vas da \u0107e podaci koje dostavite upravitelju ove stranice biti obra\u0111eni u skladu s odredbama Zakona o za\u0161titi osobnih podataka (d.lgs. 196\/2003).<\/p>\n<p>Ova informacija odnosi se na osobne podatke koje posjetitelj po\u0161alje prilikom ispunjavanja obrasca ili u slu\u010daju naknadnih kontakata s upraviteljem.<\/p>\n<p>Obavje\u0161tavamo vas da \u0107e podaci koje dobrovoljno dostavite putem obrasca biti pohranjeni u bazi podataka kako bi upravitelj stranice mogao izvr\u0161avati radnje povezane s tom stranicom.<\/p>\n<ol>\n<li>\n<p><strong>Svrha obrade osobnih podataka<\/strong><\/p>\n<p>Svrhe obrade va\u0161ih podataka su sljede\u0107e:<\/p>\n<\/li>\n<\/ol>\n<ul>\n<li>\n<p>Podaci koje po\u0161aljete bit \u0107e kori\u0161teni za komunikaciju s korisnikom i pru\u017eanje zatra\u017eenih informacija.<\/p>\n<\/li>\n<\/ul>\n<ol start=\"2\">\n<li>\n<p><strong>Priroda obra\u0111enih podataka i na\u010din obrade<\/strong><\/p>\n<p>Osobni podaci koji se obra\u0111uju bit \u0107e isklju\u010divo oni koje ste pru\u017eili prilikom ispunjavanja obrasca ili dobrovoljno u slu\u010daju izravnih kontakata s upraviteljem.<\/p>\n<p>Obrada povjerenih osobnih podataka provodi se putem operacija ili skupa operacija navedenih u \u010dlanku 4. stavak 1. to\u010dka a) Zakona d.lgs. 196\/2003.<\/p>\n<p>Obradu provodi izravno voditelj obrade.<\/p>\n<\/li>\n<li>\n<p><strong>Dobrovoljnost davanja podataka<\/strong><\/p>\n<p>Davanje podataka je dobrovoljno. Me\u0111utim, odbijanje davanja podataka onemogu\u0107it \u0107e ponovno kontaktiranje. <\/p>\n<\/li>\n<li>\n<p><strong>Voditelj obrade<\/strong><\/p>\n<p>Voditelj obrade podataka je Adriatic Wave Yachting Group doo \u2013 Rapska 46B, 10000 Zagreb (Hrvatska) &#8211; OIB: 27008619392 | MBS: 081489412.<\/p>\n<\/li>\n<li>\n<p><strong>Prava ispitanika<\/strong><\/p>\n<p>Osobe na koje se osobni podaci odnose imaju pravo u bilo kojem trenutku zatra\u017eiti potvrdu o postojanju ili nepostojanju tih podataka, kao i upoznati se s njihovim sadr\u017eajem i izvorom, provjeriti njihovu to\u010dnost ili zatra\u017eiti a\u017euriranje, dopunu ili ispravak (\u010dlanak 7. Zakona d.lgs. 196\/03).<\/p>\n<p>Prema istom \u010dlanku, korisnik ima pravo zatra\u017eiti brisanje, pretvorbu u anonimni oblik ili blokiranje podataka obra\u0111enih u suprotnosti sa zakonom, te se u svakom slu\u010daju protiviti njihovoj obradi iz legitimnih razloga.<\/p>\n<\/li>\n<li>\n<p><strong>Trajanje obrade<\/strong><\/p>\n<p>Obrada \u0107e trajati najdulje koliko je potrebno za svrhe u koje su podaci prikupljeni.<\/p>\n<\/li>\n<\/ol>\n<\/div>\n<\/div>\n<\/div>\n<\/div>\n<\/div>\n<\/div>\n<\/div><\/div><\/div><\/div><\/div>\n","protected":false},"excerpt":{"rendered":"","protected":false},"author":1,"featured_media":0,"parent":0,"menu_order":0,"comment_status":"closed","ping_status":"closed","template":"","meta":{"footnotes":""},"class_list":["post-5451","page","type-page","status-publish","hentry"],"_links":{"self":[{"href":"https:\/\/www.adriaticwave.com\/hr\/wp-json\/wp\/v2\/pages\/5451","targetHints":{"allow":["GET"]}}],"collection":[{"href":"https:\/\/www.adriaticwave.com\/hr\/wp-json\/wp\/v2\/pages"}],"about":[{"href":"https:\/\/www.adriaticwave.com\/hr\/wp-json\/wp\/v2\/types\/page"}],"author":[{"embeddable":true,"href":"https:\/\/www.adriaticwave.com\/hr\/wp-json\/wp\/v2\/users\/1"}],"replies":[{"embeddable":true,"href":"https:\/\/www.adriaticwave.com\/hr\/wp-json\/wp\/v2\/comments?post=5451"}],"version-history":[{"count":12,"href":"https:\/\/www.adriaticwave.com\/hr\/wp-json\/wp\/v2\/pages\/5451\/revisions"}],"predecessor-version":[{"id":11409,"href":"https:\/\/www.adriaticwave.com\/hr\/wp-json\/wp\/v2\/pages\/5451\/revisions\/11409"}],"wp:attachment":[{"href":"https:\/\/www.adriaticwave.com\/hr\/wp-json\/wp\/v2\/media?parent=5451"}],"curies":[{"name":"wp","href":"https:\/\/api.w.org\/{rel}","templated":true}]}}