{"id":4866,"date":"2024-08-30T08:26:10","date_gmt":"2024-08-30T06:26:10","guid":{"rendered":"https:\/\/www.infenso.eu\/adriaticwave\/servizi\/"},"modified":"2026-02-28T12:24:02","modified_gmt":"2026-02-28T10:24:02","slug":"servizi","status":"publish","type":"page","link":"https:\/\/www.adriaticwave.com\/it\/servizi\/","title":{"rendered":"SERVIZI"},"content":{"rendered":"<p><div class=\"fusion-fullwidth fullwidth-box fusion-builder-row-1 fusion-flex-container has-pattern-background has-mask-background nonhundred-percent-fullwidth non-hundred-percent-height-scrolling\" style=\"--awb-border-radius-top-left:0px;--awb-border-radius-top-right:0px;--awb-border-radius-bottom-right:0px;--awb-border-radius-bottom-left:0px;--awb-flex-wrap:wrap;\" ><div class=\"fusion-builder-row fusion-row fusion-flex-align-items-flex-start fusion-flex-content-wrap\" style=\"max-width:1393.6px;margin-left: calc(-4% \/ 2 );margin-right: calc(-4% \/ 2 );\"><div class=\"fusion-layout-column fusion_builder_column fusion-builder-column-0 fusion_builder_column_1_1 1_1 fusion-flex-column\" style=\"--awb-bg-size:cover;--awb-width-large:100%;--awb-margin-top-large:0px;--awb-spacing-right-large:1.92%;--awb-margin-bottom-large:20px;--awb-spacing-left-large:1.92%;--awb-width-medium:100%;--awb-order-medium:0;--awb-spacing-right-medium:1.92%;--awb-spacing-left-medium:1.92%;--awb-width-small:100%;--awb-order-small:0;--awb-spacing-right-small:1.92%;--awb-spacing-left-small:1.92%;\"><div class=\"fusion-column-wrapper fusion-column-has-shadow fusion-flex-justify-content-flex-start fusion-content-layout-column\"><div class=\"fusion-title title fusion-title-1 fusion-sep-none fusion-title-text fusion-title-size-one\"><h1 class=\"fusion-title-heading title-heading-left fusion-responsive-typography-calculated\" style=\"margin:0;text-transform:capitalize;--fontSize:64;line-height:var(--awb-typography1-line-height);\"><h1 class=\"top_page_title\" style=\"text-align: center;\">Servizi a 360\u00b0<\/h1><\/h1><\/div><div class=\"fusion-text fusion-text-1\"><h2 style=\"text-align: justify; --fontSize: 48; line-height: 1.2;\" data-fontsize=\"48\" data-lineheight=\"57.6px\" class=\"fusion-responsive-typography-calculated\"><b> Concessionario e broker di yacht<\/b><\/h2>\n<p style=\"text-align: justify;\">Siamo orgogliosi di presentare la gamma completa di imbarcazioni Absolute Yachts. Grazie all&#8217;ampia rete di vendita di Absolute, tutti i modelli sono facilmente reperibili e visionabili in Italia e Croazia. Vi invitiamo a visitare la sezione ABSOLUTE del nostro sito web, dove potrete scoprire le specifiche tecniche dettagliate e le caratteristiche della nostra straordinaria flotta. <\/p>\n<p style=\"text-align: justify;\">Oltre agli yacht nuovi, offriamo anche una selezione accuratamente selezionata di imbarcazioni usate. Ciascuna delle nostre imbarcazioni usate viene sottoposta a un rigoroso processo di ispezione per garantire che soddisfi i nostri elevati standard di qualit\u00e0 e prestazioni. Il nostro obiettivo \u00e8 garantire che i nuovi proprietari apprezzino le loro imbarcazioni tanto quanto le hanno apprezzate quelle precedenti.  <\/p>\n<p style=\"text-align: justify;\">In qualit\u00e0 di concessionari dedicati, diamo priorit\u00e0 alla costruzione di relazioni durature con i nostri clienti. Crediamo nell&#8217;importanza di fornire supporto e assistenza continui, garantendo che la vostra esperienza con noi non sia solo una transazione, ma una partnership a lungo termine. La vostra soddisfazione \u00e8 la nostra missione e ci impegniamo ad assistervi durante tutto il vostro viaggio in barca.  <\/p>\n<p style=\"text-align: justify;\">\n<h2 style=\"text-align: justify; --fontSize: 48; line-height: 1.2;\" data-fontsize=\"48\" data-lineheight=\"57.6px\" class=\"fusion-responsive-typography-calculated\">After-Sale Service<\/h2>\n<p style=\"text-align: justify;\">L&#8217;assistenza e il supporto post-vendita sono essenziali per la nostra attivit\u00e0. Il nostro obiettivo \u00e8 garantire un utilizzo affidabile e sicuro dell&#8217;imbarcazione durante tutto il suo ciclo di vita. <\/p>\n<p style=\"text-align: justify;\">Il nostro team di assistenza qualificato fornisce assistenza autorizzata, manutenzione, diagnostica e riparazioni. L&#8217;assistenza inizia al momento della consegna e include: <\/p>\n<p style=\"text-align: justify;\">\u2022 Consegna dell&#8217;imbarcazione: istruiamo i clienti sui sistemi e sulle attrezzature di sicurezza, assicurando loro sicurezza nelle manovre e assistendoli nella registrazione e nella documentazione.<\/p>\n<p style=\"text-align: justify;\">\u2022 Sicurezza e dotazioni aggiuntive: equipaggiamo l&#8217;imbarcazione con le attrezzature di sicurezza necessarie e con servizi aggiuntivi su richiesta del cliente, rendendola pronta per la stagione.<\/p>\n<p style=\"text-align: justify;\">\u2022 Piani di manutenzione: creiamo piani di assistenza personalizzati, eseguiamo controlli regolari e programmiamo la pulizia e la manutenzione, assicurandoci che l&#8217;imbarcazione sia sempre in condizioni ottimali.<\/p>\n<p style=\"text-align: justify;\">Grazie alla nostra logistica ben organizzata e alla nostra rete di partner, siamo in grado di reagire rapidamente e fornire supporto sul campo, presso il porto turistico o presso il centro assistenza. I clienti hanno sempre un unico punto di contatto, garantendo una comunicazione chiara e soluzioni rapide. Il nostro supporto post-vendita \u00e8 organizzato in diverse sedi strategiche per garantire ai proprietari di imbarcazioni Absolut disponibilit\u00e0, rapidit\u00e0 e un servizio di alto livello durante tutto l&#8217;anno.  <\/p>\n<p style=\"text-align: justify;\"><b>SEDI DI SERVIZIO<\/b><\/p>\n<p style=\"text-align: justify;\">CROAZIA<\/p>\n<p style=\"text-align: justify;\">-Rovinj<\/p>\n<p style=\"text-align: justify;\">-Umag<\/p>\n<p style=\"text-align: justify;\">-Murter<\/p>\n<p style=\"text-align: justify;\">-\u0160ibenik<\/p>\n<p style=\"text-align: justify;\">ITALIA<\/p>\n<p style=\"text-align: justify;\">-Chioggia<\/p>\n<p style=\"text-align: justify;\">-San Giorgio di Nogaro<\/p>\n<\/div><\/div><\/div><\/div><\/div><div class=\"fusion-fullwidth fullwidth-box fusion-builder-row-2 fusion-flex-container has-pattern-background has-mask-background nonhundred-percent-fullwidth non-hundred-percent-height-scrolling\" style=\"--awb-border-radius-top-left:0px;--awb-border-radius-top-right:0px;--awb-border-radius-bottom-right:0px;--awb-border-radius-bottom-left:0px;--awb-flex-wrap:wrap;\" ><div class=\"fusion-builder-row fusion-row fusion-flex-align-items-flex-start fusion-flex-content-wrap\" style=\"max-width:1393.6px;margin-left: calc(-4% \/ 2 );margin-right: calc(-4% \/ 2 );\"><div class=\"fusion-layout-column fusion_builder_column fusion-builder-column-1 fusion_builder_column_1_1 1_1 fusion-flex-column\" style=\"--awb-bg-size:cover;--awb-width-large:100%;--awb-margin-top-large:0px;--awb-spacing-right-large:1.92%;--awb-margin-bottom-large:20px;--awb-spacing-left-large:1.92%;--awb-width-medium:100%;--awb-order-medium:0;--awb-spacing-right-medium:1.92%;--awb-spacing-left-medium:1.92%;--awb-width-small:100%;--awb-order-small:0;--awb-spacing-right-small:1.92%;--awb-spacing-left-small:1.92%;\"><div class=\"fusion-column-wrapper fusion-column-has-shadow fusion-flex-justify-content-flex-start fusion-content-layout-column\"><div style=\"--awb-height:600px;\" class=\"awb-openstreet-map awb-openstreet-map-1\" data-map-style=\"carto-db\" data-map-type=\"marker\" data-zoom=\"14\" data-zoomsnap=\"1\" data-zoomcontrol=\"1\" data-scrollwheelzoom=\"1\" data-dragging=\"1\" data-touchzoom=\"1\" data-dbclickzoom=\"1\" data-fitbounds=\"1\" data-shape-color=\"rgba(0,70,126,1)\" data-shape-weight=\"3\"><div class=\"awb-openstreet-map-marker awb-openstreet-map-marker-1\" data-latitude=\"45.0758694\" data-longitude=\"13.6347643\" data-icon=\"fa-map-marker-alt fas\" data-action=\"popup\"><div class=\"awb-openstreet-map-marker-icon-wrapper\" style=\"\"><i class=\"fa-map-marker-alt fas\"><\/i><\/div><div class=\"awb-openstreet-map-content-wrapper\"><h5 class=\"awb-openstreet-map-marker-title\">Rovinj<\/h5><\/div><\/div><div class=\"awb-openstreet-map-marker awb-openstreet-map-marker-2\" data-latitude=\"43.7202042\" data-longitude=\"15.8958358\" data-icon=\"fa-map-marker-alt fas\" data-action=\"popup\"><div class=\"awb-openstreet-map-marker-icon-wrapper\" style=\"\"><i class=\"fa-map-marker-alt fas\"><\/i><\/div><div class=\"awb-openstreet-map-content-wrapper\"><h5 class=\"awb-openstreet-map-marker-title\">\u0160ibenik<\/h5><\/div><\/div><div class=\"awb-openstreet-map-marker awb-openstreet-map-marker-3\" data-latitude=\"45.4394588\" data-longitude=\"13.5152070\" data-icon=\"fa-map-marker-alt fas\" data-action=\"popup\"><div class=\"awb-openstreet-map-marker-icon-wrapper\" style=\"\"><i class=\"fa-map-marker-alt fas\"><\/i><\/div><div class=\"awb-openstreet-map-content-wrapper\"><h5 class=\"awb-openstreet-map-marker-title\">UMAG<\/h5><\/div><\/div><div class=\"awb-openstreet-map-marker awb-openstreet-map-marker-4\" data-latitude=\"43.8268424\" data-longitude=\"15.5917517\" data-icon=\"fa-map-marker-alt fas\" data-action=\"popup\"><div class=\"awb-openstreet-map-marker-icon-wrapper\" style=\"\"><i class=\"fa-map-marker-alt fas\"><\/i><\/div><div class=\"awb-openstreet-map-content-wrapper\"><h5 class=\"awb-openstreet-map-marker-title\">MARINA HRAMINA<\/h5><\/div><\/div><div class=\"awb-openstreet-map-marker awb-openstreet-map-marker-5\" data-latitude=\"45.2249005\" data-longitude=\"12.2787985\" data-icon=\"fa-map-marker-alt fas\" data-action=\"popup\"><div class=\"awb-openstreet-map-marker-icon-wrapper\" style=\"\"><i class=\"fa-map-marker-alt fas\"><\/i><\/div><div class=\"awb-openstreet-map-content-wrapper\"><\/div><\/div><div class=\"awb-openstreet-map-marker awb-openstreet-map-marker-6\" data-latitude=\"45.8320236\" data-longitude=\"13.2111453\" data-icon=\"fa-map-marker-alt fas\" data-action=\"popup\"><div class=\"awb-openstreet-map-marker-icon-wrapper\" style=\"\"><i class=\"fa-map-marker-alt fas\"><\/i><\/div><div class=\"awb-openstreet-map-content-wrapper\"><\/div><\/div><\/div><\/div><\/div><\/div><\/div><div class=\"fusion-fullwidth fullwidth-box fusion-builder-row-3 fusion-flex-container has-pattern-background has-mask-background nonhundred-percent-fullwidth non-hundred-percent-height-scrolling\" style=\"--awb-border-radius-top-left:0px;--awb-border-radius-top-right:0px;--awb-border-radius-bottom-right:0px;--awb-border-radius-bottom-left:0px;--awb-flex-wrap:wrap;\" ><div class=\"fusion-builder-row fusion-row fusion-flex-align-items-flex-start fusion-flex-content-wrap\" style=\"max-width:1393.6px;margin-left: calc(-4% \/ 2 );margin-right: calc(-4% \/ 2 );\"><div class=\"fusion-layout-column fusion_builder_column fusion-builder-column-2 fusion_builder_column_1_1 1_1 fusion-flex-column\" style=\"--awb-bg-size:cover;--awb-width-large:100%;--awb-margin-top-large:0px;--awb-spacing-right-large:1.92%;--awb-margin-bottom-large:20px;--awb-spacing-left-large:1.92%;--awb-width-medium:100%;--awb-order-medium:0;--awb-spacing-right-medium:1.92%;--awb-spacing-left-medium:1.92%;--awb-width-small:100%;--awb-order-small:0;--awb-spacing-right-small:1.92%;--awb-spacing-left-small:1.92%;\"><div class=\"fusion-column-wrapper fusion-column-has-shadow fusion-flex-justify-content-flex-start fusion-content-layout-column\"><div class=\"fusion-text fusion-text-2\"><h2>Gestione degli yacht<\/h2>\n<p>Adriatic Wave, attraverso la sua rete di assistenza, ha la competenza e la professionalit\u00e0 per gestire a 360\u00b0 il vostro yacht. Se avete poco tempo, se vivete lontano o se temete di lasciare la barca incustodita per un lungo periodo, ci prenderemo cura della vostra imbarcazione: controllo periodico, pulizia, pulizia interna e rimessaggio. Non esitate a contattarci!  <\/p>\n<h2>Trasfermineti via mare e via terra<\/h2>\n<p>Con personale altamente qualificato siamo in grado di trasferire la vostra imbarcazione via mare ovunque desideriate, grazie ad una rete di collaboratori esperti possiamo organizzare trasporti eccezionali via terra e via nave in qualsiasi parte del mondo.<\/p>\n<\/div><\/div><\/div><\/div><\/div><div class=\"fusion-fullwidth fullwidth-box fusion-builder-row-4 fusion-flex-container has-pattern-background has-mask-background nonhundred-percent-fullwidth non-hundred-percent-height-scrolling\" style=\"--awb-border-radius-top-left:0px;--awb-border-radius-top-right:0px;--awb-border-radius-bottom-right:0px;--awb-border-radius-bottom-left:0px;--awb-flex-wrap:wrap;\" ><div class=\"fusion-builder-row fusion-row fusion-flex-align-items-flex-start fusion-flex-content-wrap\" style=\"max-width:1393.6px;margin-left: calc(-4% \/ 2 );margin-right: calc(-4% \/ 2 );\"><div class=\"fusion-layout-column fusion_builder_column fusion-builder-column-3 fusion_builder_column_1_1 1_1 fusion-flex-column\" style=\"--awb-bg-size:cover;--awb-width-large:100%;--awb-margin-top-large:0px;--awb-spacing-right-large:1.92%;--awb-margin-bottom-large:20px;--awb-spacing-left-large:1.92%;--awb-width-medium:100%;--awb-order-medium:0;--awb-spacing-right-medium:1.92%;--awb-spacing-left-medium:1.92%;--awb-width-small:100%;--awb-order-small:0;--awb-spacing-right-small:1.92%;--awb-spacing-left-small:1.92%;\"><div class=\"fusion-column-wrapper fusion-column-has-shadow fusion-flex-justify-content-flex-start fusion-content-layout-column\"><div class=\"awb-gallery-wrapper awb-gallery-wrapper-1 button-span-no\" style=\"--more-btn-alignment:center;\"><div style=\"margin:-5px;--awb-aspect-ratio:1 \/ 1;--awb-bordersize:0px;\" class=\"fusion-gallery fusion-gallery-container fusion-grid-3 fusion-columns-total-9 fusion-gallery-layout-grid fusion-gallery-1 has-aspect-ratio\"><div style=\"padding:5px;\" class=\"fusion-grid-column fusion-gallery-column fusion-gallery-column-3 hover-type-none\"><div class=\"fusion-gallery-image\"><a href=\"https:\/\/www.adriaticwave.com\/wp-content\/uploads\/2026\/02\/20022026-Adriatic-Wave-FR-5-scaled.jpg\" rel=\"noreferrer\" data-rel=\"iLightbox[gallery_image_1]\" class=\"fusion-lightbox\" target=\"_self\"><img decoding=\"async\" src=\"https:\/\/www.adriaticwave.com\/wp-content\/uploads\/2026\/02\/20022026-Adriatic-Wave-FR-5-scaled.jpg\" width=\"2560\" height=\"1707\" alt=\"\" title=\"Adriatic Wave\" aria-label=\"Adriatic Wave\" class=\"img-responsive wp-image-11639 fusion-gallery-image-size-fixed\" srcset=\"https:\/\/www.adriaticwave.com\/wp-content\/uploads\/2026\/02\/20022026-Adriatic-Wave-FR-5-200x133.jpg 200w, https:\/\/www.adriaticwave.com\/wp-content\/uploads\/2026\/02\/20022026-Adriatic-Wave-FR-5-400x267.jpg 400w, https:\/\/www.adriaticwave.com\/wp-content\/uploads\/2026\/02\/20022026-Adriatic-Wave-FR-5-600x400.jpg 600w, https:\/\/www.adriaticwave.com\/wp-content\/uploads\/2026\/02\/20022026-Adriatic-Wave-FR-5-800x533.jpg 800w, https:\/\/www.adriaticwave.com\/wp-content\/uploads\/2026\/02\/20022026-Adriatic-Wave-FR-5-1200x800.jpg 1200w, https:\/\/www.adriaticwave.com\/wp-content\/uploads\/2026\/02\/20022026-Adriatic-Wave-FR-5-scaled.jpg 2560w\" sizes=\"(min-width: 2200px) 100vw, (min-width: 784px) 443px, (min-width: 712px) 665px, (min-width: 640px) 712px, \" \/><\/a><\/div><\/div><div style=\"padding:5px;\" class=\"fusion-grid-column fusion-gallery-column fusion-gallery-column-3 hover-type-none\"><div class=\"fusion-gallery-image\"><a href=\"https:\/\/www.adriaticwave.com\/wp-content\/uploads\/2026\/02\/20022026-Adriatic-Wave-FR-8-scaled.jpg\" rel=\"noreferrer\" data-rel=\"iLightbox[gallery_image_1]\" class=\"fusion-lightbox\" target=\"_self\"><img decoding=\"async\" src=\"https:\/\/www.adriaticwave.com\/wp-content\/uploads\/2026\/02\/20022026-Adriatic-Wave-FR-8-scaled.jpg\" width=\"1707\" height=\"2560\" alt=\"\" title=\"Adriatic Wave\" aria-label=\"Adriatic Wave\" class=\"img-responsive wp-image-11640 fusion-gallery-image-size-fixed\" srcset=\"https:\/\/www.adriaticwave.com\/wp-content\/uploads\/2026\/02\/20022026-Adriatic-Wave-FR-8-200x300.jpg 200w, https:\/\/www.adriaticwave.com\/wp-content\/uploads\/2026\/02\/20022026-Adriatic-Wave-FR-8-400x600.jpg 400w, https:\/\/www.adriaticwave.com\/wp-content\/uploads\/2026\/02\/20022026-Adriatic-Wave-FR-8-600x900.jpg 600w, https:\/\/www.adriaticwave.com\/wp-content\/uploads\/2026\/02\/20022026-Adriatic-Wave-FR-8-800x1200.jpg 800w, https:\/\/www.adriaticwave.com\/wp-content\/uploads\/2026\/02\/20022026-Adriatic-Wave-FR-8-1200x1800.jpg 1200w, https:\/\/www.adriaticwave.com\/wp-content\/uploads\/2026\/02\/20022026-Adriatic-Wave-FR-8-scaled.jpg 1707w\" sizes=\"(min-width: 2200px) 100vw, (min-width: 784px) 443px, (min-width: 712px) 665px, (min-width: 640px) 712px, \" \/><\/a><\/div><\/div><div style=\"padding:5px;\" class=\"fusion-grid-column fusion-gallery-column fusion-gallery-column-3 hover-type-none\"><div class=\"fusion-gallery-image\"><a href=\"https:\/\/www.adriaticwave.com\/wp-content\/uploads\/2026\/02\/20022026-Adriatic-Wave-FR-3-scaled.jpg\" rel=\"noreferrer\" data-rel=\"iLightbox[gallery_image_1]\" class=\"fusion-lightbox\" target=\"_self\"><img decoding=\"async\" src=\"https:\/\/www.adriaticwave.com\/wp-content\/uploads\/2026\/02\/20022026-Adriatic-Wave-FR-3-scaled.jpg\" width=\"1707\" height=\"2560\" alt=\"\" title=\"Adriatic Wave\" aria-label=\"Adriatic Wave\" class=\"img-responsive wp-image-11641 fusion-gallery-image-size-fixed\" srcset=\"https:\/\/www.adriaticwave.com\/wp-content\/uploads\/2026\/02\/20022026-Adriatic-Wave-FR-3-200x300.jpg 200w, https:\/\/www.adriaticwave.com\/wp-content\/uploads\/2026\/02\/20022026-Adriatic-Wave-FR-3-400x600.jpg 400w, https:\/\/www.adriaticwave.com\/wp-content\/uploads\/2026\/02\/20022026-Adriatic-Wave-FR-3-600x900.jpg 600w, https:\/\/www.adriaticwave.com\/wp-content\/uploads\/2026\/02\/20022026-Adriatic-Wave-FR-3-800x1200.jpg 800w, https:\/\/www.adriaticwave.com\/wp-content\/uploads\/2026\/02\/20022026-Adriatic-Wave-FR-3-1200x1800.jpg 1200w, https:\/\/www.adriaticwave.com\/wp-content\/uploads\/2026\/02\/20022026-Adriatic-Wave-FR-3-scaled.jpg 1707w\" sizes=\"(min-width: 2200px) 100vw, (min-width: 784px) 443px, (min-width: 712px) 665px, (min-width: 640px) 712px, \" \/><\/a><\/div><\/div><div class=\"clearfix\"><\/div><div style=\"padding:5px;\" class=\"fusion-grid-column fusion-gallery-column fusion-gallery-column-3 hover-type-none\"><div class=\"fusion-gallery-image\"><a href=\"https:\/\/www.adriaticwave.com\/wp-content\/uploads\/2026\/02\/20022026-Adriatic-Wave-FR-1-scaled.jpg\" rel=\"noreferrer\" data-rel=\"iLightbox[gallery_image_1]\" class=\"fusion-lightbox\" target=\"_self\"><img decoding=\"async\" src=\"https:\/\/www.adriaticwave.com\/wp-content\/uploads\/2026\/02\/20022026-Adriatic-Wave-FR-1-scaled.jpg\" width=\"2560\" height=\"1706\" alt=\"\" title=\"Adriatic Wave\" aria-label=\"Adriatic Wave\" class=\"img-responsive wp-image-11642 fusion-gallery-image-size-fixed\" srcset=\"https:\/\/www.adriaticwave.com\/wp-content\/uploads\/2026\/02\/20022026-Adriatic-Wave-FR-1-200x133.jpg 200w, https:\/\/www.adriaticwave.com\/wp-content\/uploads\/2026\/02\/20022026-Adriatic-Wave-FR-1-400x267.jpg 400w, https:\/\/www.adriaticwave.com\/wp-content\/uploads\/2026\/02\/20022026-Adriatic-Wave-FR-1-600x400.jpg 600w, https:\/\/www.adriaticwave.com\/wp-content\/uploads\/2026\/02\/20022026-Adriatic-Wave-FR-1-800x533.jpg 800w, https:\/\/www.adriaticwave.com\/wp-content\/uploads\/2026\/02\/20022026-Adriatic-Wave-FR-1-1200x800.jpg 1200w, https:\/\/www.adriaticwave.com\/wp-content\/uploads\/2026\/02\/20022026-Adriatic-Wave-FR-1-scaled.jpg 2560w\" sizes=\"(min-width: 2200px) 100vw, (min-width: 784px) 443px, (min-width: 712px) 665px, (min-width: 640px) 712px, \" \/><\/a><\/div><\/div><div style=\"padding:5px;\" class=\"fusion-grid-column fusion-gallery-column fusion-gallery-column-3 hover-type-none\"><div class=\"fusion-gallery-image\"><a href=\"https:\/\/www.adriaticwave.com\/wp-content\/uploads\/2024\/09\/ABSOLUTE-24.jpg\" rel=\"noreferrer\" data-rel=\"iLightbox[gallery_image_1]\" class=\"fusion-lightbox\" target=\"_self\"><img decoding=\"async\" src=\"https:\/\/www.adriaticwave.com\/wp-content\/uploads\/2024\/09\/ABSOLUTE-24-460x295.jpg\" width=\"460\" height=\"295\" alt=\"\" title=\"ABSOLUTE 24\" aria-label=\"ABSOLUTE 24\" class=\"img-responsive wp-image-11643 fusion-gallery-image-size-fixed\"  \/><\/a><\/div><\/div><div style=\"padding:5px;\" class=\"fusion-grid-column fusion-gallery-column fusion-gallery-column-3 hover-type-none\"><div class=\"fusion-gallery-image\"><a href=\"https:\/\/www.adriaticwave.com\/wp-content\/uploads\/2024\/09\/ABSOLUTE-21.jpg\" rel=\"noreferrer\" data-rel=\"iLightbox[gallery_image_1]\" class=\"fusion-lightbox\" target=\"_self\"><img decoding=\"async\" src=\"https:\/\/www.adriaticwave.com\/wp-content\/uploads\/2024\/09\/ABSOLUTE-21-460x295.jpg\" width=\"460\" height=\"295\" alt=\"\" title=\"ABSOLUTE 21\" aria-label=\"ABSOLUTE 21\" class=\"img-responsive wp-image-11644 fusion-gallery-image-size-fixed\"  \/><\/a><\/div><\/div><div class=\"clearfix\"><\/div><div style=\"padding:5px;\" class=\"fusion-grid-column fusion-gallery-column fusion-gallery-column-3 hover-type-none\"><div class=\"fusion-gallery-image\"><a href=\"https:\/\/www.adriaticwave.com\/wp-content\/uploads\/2024\/08\/3-2.jpg\" rel=\"noreferrer\" data-rel=\"iLightbox[gallery_image_1]\" class=\"fusion-lightbox\" target=\"_self\"><img decoding=\"async\" src=\"https:\/\/www.adriaticwave.com\/wp-content\/uploads\/2024\/08\/3-2-460x295.jpg\" width=\"460\" height=\"295\" alt=\"\" title=\"3\" aria-label=\"3\" class=\"img-responsive wp-image-11645 fusion-gallery-image-size-fixed\"  \/><\/a><\/div><\/div><div style=\"padding:5px;\" class=\"fusion-grid-column fusion-gallery-column fusion-gallery-column-3 hover-type-none\"><div class=\"fusion-gallery-image\"><a href=\"https:\/\/www.adriaticwave.com\/wp-content\/uploads\/2024\/08\/1-2.jpg\" rel=\"noreferrer\" data-rel=\"iLightbox[gallery_image_1]\" class=\"fusion-lightbox\" target=\"_self\"><img decoding=\"async\" src=\"https:\/\/www.adriaticwave.com\/wp-content\/uploads\/2024\/08\/1-2-460x295.jpg\" width=\"460\" height=\"295\" alt=\"\" title=\"1\" aria-label=\"1\" class=\"img-responsive wp-image-11646 fusion-gallery-image-size-fixed\"  \/><\/a><\/div><\/div><div style=\"padding:5px;\" class=\"fusion-grid-column fusion-gallery-column fusion-gallery-column-3 hover-type-none\"><div class=\"fusion-gallery-image\"><a href=\"https:\/\/www.adriaticwave.com\/wp-content\/uploads\/2024\/08\/7-1.jpg\" rel=\"noreferrer\" data-rel=\"iLightbox[gallery_image_1]\" class=\"fusion-lightbox\" target=\"_self\"><img decoding=\"async\" src=\"https:\/\/www.adriaticwave.com\/wp-content\/uploads\/2024\/08\/7-1-460x295.jpg\" width=\"460\" height=\"295\" alt=\"\" title=\"7\" aria-label=\"7\" class=\"img-responsive wp-image-11647 fusion-gallery-image-size-fixed\"  \/><\/a><\/div><\/div><div class=\"clearfix\"><\/div><\/div><\/div><\/div><\/div><\/div><\/div><\/p>\n","protected":false},"excerpt":{"rendered":"","protected":false},"author":1,"featured_media":0,"parent":0,"menu_order":0,"comment_status":"closed","ping_status":"closed","template":"","meta":{"footnotes":""},"class_list":["post-4866","page","type-page","status-publish","hentry"],"_links":{"self":[{"href":"https:\/\/www.adriaticwave.com\/it\/wp-json\/wp\/v2\/pages\/4866","targetHints":{"allow":["GET"]}}],"collection":[{"href":"https:\/\/www.adriaticwave.com\/it\/wp-json\/wp\/v2\/pages"}],"about":[{"href":"https:\/\/www.adriaticwave.com\/it\/wp-json\/wp\/v2\/types\/page"}],"author":[{"embeddable":true,"href":"https:\/\/www.adriaticwave.com\/it\/wp-json\/wp\/v2\/users\/1"}],"replies":[{"embeddable":true,"href":"https:\/\/www.adriaticwave.com\/it\/wp-json\/wp\/v2\/comments?post=4866"}],"version-history":[{"count":10,"href":"https:\/\/www.adriaticwave.com\/it\/wp-json\/wp\/v2\/pages\/4866\/revisions"}],"predecessor-version":[{"id":11650,"href":"https:\/\/www.adriaticwave.com\/it\/wp-json\/wp\/v2\/pages\/4866\/revisions\/11650"}],"wp:attachment":[{"href":"https:\/\/www.adriaticwave.com\/it\/wp-json\/wp\/v2\/media?parent=4866"}],"curies":[{"name":"wp","href":"https:\/\/api.w.org\/{rel}","templated":true}]}}