{"id":5679,"date":"2024-10-16T14:38:24","date_gmt":"2024-10-16T12:38:24","guid":{"rendered":"https:\/\/www.infenso.eu\/adriaticwave\/informativa-sulla-privacy\/"},"modified":"2025-03-12T16:13:25","modified_gmt":"2025-03-12T14:13:25","slug":"informativa-sulla-privacy","status":"publish","type":"page","link":"https:\/\/www.adriaticwave.com\/it\/informativa-sulla-privacy\/","title":{"rendered":"Informativa sulla privacy"},"content":{"rendered":"<div class=\"fusion-fullwidth fullwidth-box fusion-builder-row-1 fusion-flex-container nonhundred-percent-fullwidth non-hundred-percent-height-scrolling\" style=\"--awb-border-radius-top-left:0px;--awb-border-radius-top-right:0px;--awb-border-radius-bottom-right:0px;--awb-border-radius-bottom-left:0px;--awb-flex-wrap:wrap;\" ><div class=\"fusion-builder-row fusion-row fusion-flex-align-items-flex-start fusion-flex-content-wrap\" style=\"max-width:1393.6px;margin-left: calc(-4% \/ 2 );margin-right: calc(-4% \/ 2 );\"><div class=\"fusion-layout-column fusion_builder_column fusion-builder-column-0 fusion_builder_column_1_1 1_1 fusion-flex-column\" style=\"--awb-bg-size:cover;--awb-width-large:100%;--awb-margin-top-large:0px;--awb-spacing-right-large:1.92%;--awb-margin-bottom-large:0px;--awb-spacing-left-large:1.92%;--awb-width-medium:100%;--awb-spacing-right-medium:1.92%;--awb-spacing-left-medium:1.92%;--awb-width-small:100%;--awb-spacing-right-small:1.92%;--awb-spacing-left-small:1.92%;\"><div class=\"fusion-column-wrapper fusion-flex-justify-content-flex-start fusion-content-layout-column\"><div class=\"fusion-text fusion-text-1\" style=\"--awb-user-select:auto;\"><div class=\"flex-shrink-0 flex flex-col relative items-end\">\n<div>\n<div class=\"pt-0\">\n<div class=\"gizmo-bot-avatar flex h-8 w-8 items-center justify-center overflow-hidden rounded-full\">\n<h2 class=\"relative p-1 rounded-sm flex items-center justify-center bg-token-main-surface-primary text-token-text-primary h-8 w-8 wp-block-heading\" data-fontsize=\"48\" data-lineheight=\"57.6px\">Informativa sulla privacy<\/h2>\n<\/div>\n<\/div>\n<\/div>\n<\/div>\n<div class=\"group\/conversation-turn relative flex w-full min-w-0 flex-col agent-turn\">\n<div class=\"flex-col gap-1 md:gap-3\">\n<div class=\"flex max-w-full flex-col flex-grow\">\n<div class=\"min-h-8 text-message flex w-full flex-col items-end gap-2 whitespace-normal break-words &#091;.text-message+&amp;&#093;:mt-5\" dir=\"auto\" data-message-author-role=\"assistant\" data-message-id=\"a04d0af3-a94a-4b48-b10e-680780c6ebdb\" data-message-model-slug=\"gpt-4o\">\n<div class=\"flex w-full flex-col gap-1 empty:hidden first:pt-&#091;3px&#093;\">\n<div class=\"markdown prose w-full break-words dark:prose-invert light\">\n<p><strong>Trattamento dei dati personali<\/strong><br \/>(Privacy policy ai sensi dell&#8217;art. 13 del d.lgs. 196\/2003)<\/p>\n<p>La informiamo che i dati che fornir\u00e0 al gestore del presente sito saranno trattati nel rispetto delle disposizioni di cui al d.lgs. 196\/2003, Codice in materia di protezione dei dati personali.<\/p>\n<p>La presente informativa riguarda i dati personali inviati dall&#8217;utente visitatore al momento della compilazione del form o in caso di successivi contatti con il gestore.<\/p>\n<p>La informiamo del fatto che i dati che conferir\u00e0 volontariamente tramite il form verranno salvati in un database per consentire al gestore del sito di svolgere le operazioni connesse al sito stesso.<\/p>\n<ol>\n<li>\n<p><strong>Finalit\u00e0 del trattamento dei dati personali<\/strong><\/p>\n<p>Le finalit\u00e0 del trattamento dei suoi dati sono le seguenti:<\/p>\n<\/li>\n<\/ol>\n<ul>\n<li>\n<p>I dati inviati verranno utilizzati per comunicare con l&#8217;utente e fornire le informazioni rischieste.<\/p>\n<\/li>\n<\/ul>\n<ol start=\"2\">\n<li>\n<p><strong>Natura dei dati trattati e modalit\u00e0 del trattamento<\/strong><\/p>\n<p>I dati personali trattati saranno esclusivamente quelli forniti all&#8217;atto della compilazione del form o forniti volontariamente in caso di contatti diretti con il gestore.<\/p>\n<p>Il trattamento dei dati personali conferiti \u00e8 realizzato per mezzo delle operazioni o del complesso delle operazioni indicate all&#8217;art. 4 comma 1 lett. a) D. Lgs. 196\/2003.<\/p>\n<p>Il trattamento \u00e8 svolto direttamente dal titolare.<\/p>\n<\/li>\n<li>\n<p><strong>Facoltativit\u00e0 del conferimento dei dati<\/strong><\/p>\n<p>Il conferimento dei dati \u00e8 facoltativo. Tuttavia, il rifiuto al conferimento determiner\u00e0 l&#8217;impossibilit\u00e0 ad essere ricontattato. <\/p>\n<\/li>\n<li>\n<p><strong>Titolare del trattamento<\/strong><\/p>\n<p>Il titolare del trattamento dei dati \u00e8 Adriatic Wave Yachting Group d.o.o &#8211; Rapska 46B, 10000 Zagreb (Croazia) &#8211; OIB: 27008619392 | MBS: 081489412.<\/p>\n<\/li>\n<li>\n<p><strong>Diritti dell&#8217;interessato<\/strong><\/p>\n<p>I soggetti ai quali i dati personali fanno riferimento hanno il diritto in qualunque momento di ottenere la conferma dell&#8217;esistenza o meno dei dati stessi, e di conoscerne il contenuto e l&#8217;origine, verificarne l&#8217;esattezza o richiedere l&#8217;aggiornamento, integrazione oppure la correzione (art. 7 D.Lgs. 196\/03).<\/p>\n<p>Ai sensi del medesimo articolo, l&#8217;utente ha il diritto di chiedere la cancellazione, la trasformazione in forma anonima o il blocco dei dati trattati in violazione della legge e, in ogni caso, di opporsi al loro trattamento per motivi legittimi.<\/p>\n<\/li>\n<li>\n<p><strong>Durata del trattamento<\/strong><\/p>\n<p>Il trattamento avr\u00e0 una durata non superiore a quella necessaria alle finalit\u00e0 per le quali i dati sono stati raccolti.<\/p>\n<\/li>\n<\/ol>\n<\/div>\n<\/div>\n<\/div>\n<\/div>\n<\/div>\n<\/div>\n<\/div><\/div><\/div><\/div><\/div>\n","protected":false},"excerpt":{"rendered":"","protected":false},"author":1,"featured_media":0,"parent":0,"menu_order":0,"comment_status":"closed","ping_status":"closed","template":"","meta":{"footnotes":""},"class_list":["post-5679","page","type-page","status-publish","hentry"],"_links":{"self":[{"href":"https:\/\/www.adriaticwave.com\/it\/wp-json\/wp\/v2\/pages\/5679","targetHints":{"allow":["GET"]}}],"collection":[{"href":"https:\/\/www.adriaticwave.com\/it\/wp-json\/wp\/v2\/pages"}],"about":[{"href":"https:\/\/www.adriaticwave.com\/it\/wp-json\/wp\/v2\/types\/page"}],"author":[{"embeddable":true,"href":"https:\/\/www.adriaticwave.com\/it\/wp-json\/wp\/v2\/users\/1"}],"replies":[{"embeddable":true,"href":"https:\/\/www.adriaticwave.com\/it\/wp-json\/wp\/v2\/comments?post=5679"}],"version-history":[{"count":4,"href":"https:\/\/www.adriaticwave.com\/it\/wp-json\/wp\/v2\/pages\/5679\/revisions"}],"predecessor-version":[{"id":7793,"href":"https:\/\/www.adriaticwave.com\/it\/wp-json\/wp\/v2\/pages\/5679\/revisions\/7793"}],"wp:attachment":[{"href":"https:\/\/www.adriaticwave.com\/it\/wp-json\/wp\/v2\/media?parent=5679"}],"curies":[{"name":"wp","href":"https:\/\/api.w.org\/{rel}","templated":true}]}}